{"id":2890,"date":"2022-04-10T14:16:03","date_gmt":"2022-04-10T14:16:03","guid":{"rendered":"https:\/\/rebmed.no\/?page_id=2890"},"modified":"2026-01-14T20:42:42","modified_gmt":"2026-01-14T20:42:42","slug":"artikler","status":"publish","type":"page","link":"https:\/\/rebmed.no\/en\/artikler\/","title":{"rendered":"Artikler"},"content":{"rendered":"<div data-elementor-type=\"wp-post\" data-elementor-id=\"2890\" class=\"elementor elementor-2890\" data-elementor-settings=\"{&quot;ha_cmc_init_switcher&quot;:&quot;no&quot;}\">\n\t\t\t\t\t\t<section class=\"elementor-section elementor-top-section elementor-element elementor-element-73c00ea elementor-section-height-min-height elementor-section-boxed elementor-section-height-default elementor-section-items-middle\" data-id=\"73c00ea\" data-element_type=\"section\" data-e-type=\"section\" data-settings=\"{&quot;background_background&quot;:&quot;classic&quot;,&quot;_ha_eqh_enable&quot;:false}\">\n\t\t\t\t\t\t\t<div class=\"elementor-background-overlay\"><\/div>\n\t\t\t\t\t\t\t<div class=\"elementor-container elementor-column-gap-default\">\n\t\t\t\t\t<div class=\"elementor-column elementor-col-100 elementor-top-column elementor-element elementor-element-e2578aa\" data-id=\"e2578aa\" data-element_type=\"column\" data-e-type=\"column\">\n\t\t\t<div class=\"elementor-widget-wrap elementor-element-populated\">\n\t\t\t\t\t\t<div class=\"elementor-element elementor-element-195312d elementor-widget elementor-widget-spacer\" data-id=\"195312d\" data-element_type=\"widget\" data-e-type=\"widget\" data-widget_type=\"spacer.default\">\n\t\t\t\t<div class=\"elementor-widget-container\">\n\t\t\t\t\t\t\t<div class=\"elementor-spacer\">\n\t\t\t<div class=\"elementor-spacer-inner\"><\/div>\n\t\t<\/div>\n\t\t\t\t\t\t<\/div>\n\t\t\t\t<\/div>\n\t\t\t\t<div class=\"elementor-element elementor-element-9343f15 elementor-invisible elementor-widget elementor-widget-heading\" data-id=\"9343f15\" data-element_type=\"widget\" data-e-type=\"widget\" data-settings=\"{&quot;_animation&quot;:&quot;fadeInUp&quot;}\" data-widget_type=\"heading.default\">\n\t\t\t\t<div class=\"elementor-widget-container\">\n\t\t\t\t\t<h2 class=\"elementor-heading-title elementor-size-default\">Artikler<\/h2>\t\t\t\t<\/div>\n\t\t\t\t<\/div>\n\t\t\t\t\t<\/div>\n\t\t<\/div>\n\t\t\t\t\t<\/div>\n\t\t<\/section>\n\t\t\t\t<section class=\"elementor-section elementor-top-section elementor-element elementor-element-9425cc7 elementor-section-boxed elementor-section-height-default elementor-section-height-default\" data-id=\"9425cc7\" data-element_type=\"section\" data-e-type=\"section\" data-settings=\"{&quot;_ha_eqh_enable&quot;:false}\">\n\t\t\t\t\t\t<div class=\"elementor-container elementor-column-gap-default\">\n\t\t\t\t\t<div class=\"elementor-column elementor-col-100 elementor-top-column elementor-element elementor-element-d9af3a5\" data-id=\"d9af3a5\" data-element_type=\"column\" data-e-type=\"column\">\n\t\t\t<div class=\"elementor-widget-wrap elementor-element-populated\">\n\t\t\t\t\t\t<div class=\"elementor-element elementor-element-26d4027 elementor-widget elementor-widget-spacer\" data-id=\"26d4027\" data-element_type=\"widget\" data-e-type=\"widget\" data-widget_type=\"spacer.default\">\n\t\t\t\t<div class=\"elementor-widget-container\">\n\t\t\t\t\t\t\t<div class=\"elementor-spacer\">\n\t\t\t<div class=\"elementor-spacer-inner\"><\/div>\n\t\t<\/div>\n\t\t\t\t\t\t<\/div>\n\t\t\t\t<\/div>\n\t\t\t\t<div class=\"elementor-element elementor-element-d6a414d elementor-widget elementor-widget-heading\" data-id=\"d6a414d\" data-element_type=\"widget\" data-e-type=\"widget\" data-widget_type=\"heading.default\">\n\t\t\t\t<div class=\"elementor-widget-container\">\n\t\t\t\t\t<h2 class=\"elementor-heading-title elementor-size-default\">Relevant articles<\/h2>\t\t\t\t<\/div>\n\t\t\t\t<\/div>\n\t\t\t\t<div class=\"elementor-element elementor-element-e9864b9 elementor-widget elementor-widget-spacer\" data-id=\"e9864b9\" data-element_type=\"widget\" data-e-type=\"widget\" data-widget_type=\"spacer.default\">\n\t\t\t\t<div class=\"elementor-widget-container\">\n\t\t\t\t\t\t\t<div class=\"elementor-spacer\">\n\t\t\t<div class=\"elementor-spacer-inner\"><\/div>\n\t\t<\/div>\n\t\t\t\t\t\t<\/div>\n\t\t\t\t<\/div>\n\t\t\t\t\t<\/div>\n\t\t<\/div>\n\t\t\t\t\t<\/div>\n\t\t<\/section>\n\t\t\t\t<section class=\"elementor-section elementor-top-section elementor-element elementor-element-665a047 elementor-section-boxed elementor-section-height-default elementor-section-height-default\" data-id=\"665a047\" data-element_type=\"section\" data-e-type=\"section\" data-settings=\"{&quot;_ha_eqh_enable&quot;:false}\">\n\t\t\t\t\t\t<div class=\"elementor-container elementor-column-gap-default\">\n\t\t\t\t\t<div class=\"elementor-column elementor-col-100 elementor-top-column elementor-element elementor-element-1a17a31\" data-id=\"1a17a31\" data-element_type=\"column\" data-e-type=\"column\">\n\t\t\t<div class=\"elementor-widget-wrap elementor-element-populated\">\n\t\t\t\t\t\t<div class=\"elementor-element elementor-element-286b90d premium-blog-align-left elementor-widget elementor-widget-premium-addon-blog\" data-id=\"286b90d\" data-element_type=\"widget\" data-e-type=\"widget\" data-settings=\"{&quot;premium_blog_columns_number&quot;:&quot;33.33%&quot;,&quot;premium_blog_grid&quot;:&quot;yes&quot;,&quot;premium_blog_layout&quot;:&quot;even&quot;,&quot;premium_blog_columns_number_tablet&quot;:&quot;50%&quot;,&quot;premium_blog_columns_number_mobile&quot;:&quot;100%&quot;}\" data-widget_type=\"premium-addon-blog.default\">\n\t\t\t\t<div class=\"elementor-widget-container\">\n\t\t\t\t\t\n\t\t\n\n\t\t\t\t<div class=\"premium-blog-wrap  premium-blog-even\" data-page=\"2890\">\n\t\t\t\t\t\t\t\t\t<div class=\"premium-blog-post-outer-container\" data-total=\"1\">\n\t\t\t<div class=\"premium-blog-post-container premium-blog-skin-classic\">\n\t\t\t\t\t\t\t\t\t<div class=\"premium-blog-thumb-effect-wrapper\">\n\t\t\t\t\t\t<div class=\"premium-blog-thumbnail-container premium-blog-zoomin-effect\">\n\t\t\t\t\t\t\t<img fetchpriority=\"high\" decoding=\"async\" width=\"337\" height=\"320\" src=\"https:\/\/rebmed.no\/wp-content\/uploads\/2026\/01\/rullator-medisinsk-utrsyr-rebmed.jpg\" class=\"attachment-full size-full wp-image-21824\" alt=\"rullator-medisinsk-utrsyr-rebmed\" srcset=\"https:\/\/rebmed.no\/wp-content\/uploads\/2026\/01\/rullator-medisinsk-utrsyr-rebmed.jpg 337w, https:\/\/rebmed.no\/wp-content\/uploads\/2026\/01\/rullator-medisinsk-utrsyr-rebmed-300x285.jpg 300w, https:\/\/rebmed.no\/wp-content\/uploads\/2026\/01\/rullator-medisinsk-utrsyr-rebmed-13x12.jpg 13w\" sizes=\"(max-width: 337px) 100vw, 337px\" \/>\t\t\t\t\t\t<\/div>\n\t\t\t\t\t\t\t\t\t\t\t\t\t<div class=\"premium-blog-thumbnail-overlay\">\n\t\t\t\t\t\t\t\t<a class=\"elementor-icon\" href=\"https:\/\/rebmed.no\/en\/2026\/01\/14\/velg-rett-rullator-innendors-vs-utendors-modeller-for-sykehjem\/\" target=\"_self\"><\/a>\n\t\t\t\t\t\t\t<\/div>\n\n\t\t\t\t\t\t\t\t\t\t\t\t\t\t\t\t\t\t<\/div>\n\t\t\t\t\t\t\t\t\t\t\t\t<div class=\"premium-blog-content-wrapper\">\n\n\t\t\t\t\t<div class=\"premium-blog-inner-container\">\n\n\t\t\t\t\t\t\t\t\t\t\t\t\t\t<h2 class=\"premium-blog-entry-title\">\n\t\t\t<a href=\"https:\/\/rebmed.no\/en\/2026\/01\/14\/velg-rett-rullator-innendors-vs-utendors-modeller-for-sykehjem\/\" target=\"_self\">\n\t\t\t\tVelg rett rullator: Innend\u00f8rs vs utend\u00f8rs modeller for sykehjem\t\t\t<\/a>\n\t\t<\/h2>\n\t\t\t\t<div class=\"premium-blog-entry-meta\">\n\t\t\t\n\t\t\t\t\t\t\t<span class=\"premium-blog-meta-separator\">\u2022<\/span>\n\t\t\t\t<div class=\"premium-blog-post-time premium-blog-meta-data\">\n\t\t\t\t\t<i class=\"fa fa-calendar-alt\" aria-hidden=\"true\"><\/i>\n\t\t\t\t\t<span>January 14, 2026<\/span>\n\t\t\t\t<\/div>\n\t\t\t\n\t\t\t\t\t\t\t<span class=\"premium-blog-meta-separator\">\u2022<\/span>\n\t\t\t\t<div class=\"premium-blog-post-categories premium-blog-meta-data\">\n\t\t\t\t\t<i class=\"fa fa-align-left fa-fw\" aria-hidden=\"true\"><\/i>\n\t\t\t\t\t<a href=\"https:\/\/rebmed.no\/en\/category\/sykehjem\/\" rel=\"category tag\">Nursing Homes<\/a>, <a href=\"https:\/\/rebmed.no\/en\/category\/sykehus\/\" rel=\"category tag\">Hospital<\/a>\t\t\t\t<\/div>\n\t\t\t\n\t\t\t\t\t<\/div>\n\t\t\n\t\t\t\t\t<\/div>\n\n\t\t\t\t\t\t\t<div class=\"premium-blog-content-inner-wrapper\">\n\t\t<p class=\"premium-blog-post-content\">Valg av riktig rullator er avgj\u00f8rende for beboernes sikkerhet p\u00e5 sykehjem. Denne guiden forklarer forskjellene mellom innend\u00f8rs og utend\u00f8rs modeller, og hva du b\u00f8r se etter ved innkj\u00f8p.<\/p><div class=\"premium-blog-excerpt-link-wrap\"><a href=\"https:\/\/rebmed.no\/en\/2026\/01\/14\/velg-rett-rullator-innendors-vs-utendors-modeller-for-sykehjem\/\" target=\"_self\" class=\"premium-blog-excerpt-link elementor-button\">Read more..<\/a><\/div>\t\t<\/div>\n\t\t\t\t\t\t\t\n\t\t\t\t<\/div>\n\t\t\t<\/div>\n\t\t<\/div>\n\n\t\t\t\t<div class=\"premium-blog-post-outer-container\" data-total=\"1\">\n\t\t\t<div class=\"premium-blog-post-container premium-blog-skin-classic\">\n\t\t\t\t\t\t\t\t\t<div class=\"premium-blog-thumb-effect-wrapper\">\n\t\t\t\t\t\t<div class=\"premium-blog-thumbnail-container premium-blog-zoomin-effect\">\n\t\t\t\t\t\t\t<img decoding=\"async\" width=\"640\" height=\"424\" src=\"https:\/\/rebmed.no\/wp-content\/uploads\/2024\/01\/microscope-275984_640.jpg\" class=\"attachment-full size-full wp-image-21300\" alt=\"mikroskop\" srcset=\"https:\/\/rebmed.no\/wp-content\/uploads\/2024\/01\/microscope-275984_640.jpg 640w, https:\/\/rebmed.no\/wp-content\/uploads\/2024\/01\/microscope-275984_640-300x199.jpg 300w, https:\/\/rebmed.no\/wp-content\/uploads\/2024\/01\/microscope-275984_640-18x12.jpg 18w, https:\/\/rebmed.no\/wp-content\/uploads\/2024\/01\/microscope-275984_640-600x398.jpg 600w\" sizes=\"(max-width: 640px) 100vw, 640px\" \/>\t\t\t\t\t\t<\/div>\n\t\t\t\t\t\t\t\t\t\t\t\t\t<div class=\"premium-blog-thumbnail-overlay\">\n\t\t\t\t\t\t\t\t<a class=\"elementor-icon\" href=\"https:\/\/rebmed.no\/en\/2024\/01\/02\/medisinsk-utstyr-nokkelen-til-helsetjenester-med-kvalitet\/\" target=\"_self\"><\/a>\n\t\t\t\t\t\t\t<\/div>\n\n\t\t\t\t\t\t\t\t\t\t\t\t\t\t\t\t\t\t<\/div>\n\t\t\t\t\t\t\t\t\t\t\t\t<div class=\"premium-blog-content-wrapper\">\n\n\t\t\t\t\t<div class=\"premium-blog-inner-container\">\n\n\t\t\t\t\t\t\t\t\t\t\t\t\t\t<h2 class=\"premium-blog-entry-title\">\n\t\t\t<a href=\"https:\/\/rebmed.no\/en\/2024\/01\/02\/medisinsk-utstyr-nokkelen-til-helsetjenester-med-kvalitet\/\" target=\"_self\">\n\t\t\t\tMedical Equipment: The Key to Quality Healthcare\t\t\t<\/a>\n\t\t<\/h2>\n\t\t\t\t<div class=\"premium-blog-entry-meta\">\n\t\t\t\n\t\t\t\t\t\t\t<span class=\"premium-blog-meta-separator\">\u2022<\/span>\n\t\t\t\t<div class=\"premium-blog-post-time premium-blog-meta-data\">\n\t\t\t\t\t<i class=\"fa fa-calendar-alt\" aria-hidden=\"true\"><\/i>\n\t\t\t\t\t<span>January 2, 2024<\/span>\n\t\t\t\t<\/div>\n\t\t\t\n\t\t\t\t\t\t\t<span class=\"premium-blog-meta-separator\">\u2022<\/span>\n\t\t\t\t<div class=\"premium-blog-post-categories premium-blog-meta-data\">\n\t\t\t\t\t<i class=\"fa fa-align-left fa-fw\" aria-hidden=\"true\"><\/i>\n\t\t\t\t\t<a href=\"https:\/\/rebmed.no\/en\/category\/sykehjem\/\" rel=\"category tag\">Nursing Homes<\/a>, <a href=\"https:\/\/rebmed.no\/en\/category\/sykehus\/\" rel=\"category tag\">Hospital<\/a>\t\t\t\t<\/div>\n\t\t\t\n\t\t\t\t\t<\/div>\n\t\t\n\t\t\t\t\t<\/div>\n\n\t\t\t\t\t\t\t<div class=\"premium-blog-content-inner-wrapper\">\n\t\t<p class=\"premium-blog-post-content\">Discover the importance of medical equipment in healthcare and how it impacts patient care. Explore different types of medical equipment and their role in accurate diagnoses, efficient treatments, and improved patient outcomes.<\/p><div class=\"premium-blog-excerpt-link-wrap\"><a href=\"https:\/\/rebmed.no\/en\/2024\/01\/02\/medisinsk-utstyr-nokkelen-til-helsetjenester-med-kvalitet\/\" target=\"_self\" class=\"premium-blog-excerpt-link elementor-button\">Read more..<\/a><\/div>\t\t<\/div>\n\t\t\t\t\t\t\t\n\t\t\t\t<\/div>\n\t\t\t<\/div>\n\t\t<\/div>\n\n\t\t\t\t<div class=\"premium-blog-post-outer-container\" data-total=\"1\">\n\t\t\t<div class=\"premium-blog-post-container premium-blog-skin-classic\">\n\t\t\t\t\t\t\t\t\t<div class=\"premium-blog-thumb-effect-wrapper\">\n\t\t\t\t\t\t<div class=\"premium-blog-thumbnail-container premium-blog-zoomin-effect\">\n\t\t\t\t\t\t\t<img decoding=\"async\" width=\"627\" height=\"553\" src=\"https:\/\/rebmed.no\/wp-content\/uploads\/2022\/06\/vedlikehold-sykehusutstyr.jpg\" class=\"attachment-full size-full wp-image-4091\" alt=\"vedlikehold av sykehusutstyr\" srcset=\"https:\/\/rebmed.no\/wp-content\/uploads\/2022\/06\/vedlikehold-sykehusutstyr.jpg 627w, https:\/\/rebmed.no\/wp-content\/uploads\/2022\/06\/vedlikehold-sykehusutstyr-600x529.jpg 600w, https:\/\/rebmed.no\/wp-content\/uploads\/2022\/06\/vedlikehold-sykehusutstyr-300x265.jpg 300w, https:\/\/rebmed.no\/wp-content\/uploads\/2022\/06\/vedlikehold-sykehusutstyr-14x12.jpg 14w\" sizes=\"(max-width: 627px) 100vw, 627px\" \/>\t\t\t\t\t\t<\/div>\n\t\t\t\t\t\t\t\t\t\t\t\t\t<div class=\"premium-blog-thumbnail-overlay\">\n\t\t\t\t\t\t\t\t<a class=\"elementor-icon\" href=\"https:\/\/rebmed.no\/en\/2022\/06\/01\/hvordan-vedlikeholde-sykehusutstyr-for-a-gi-forsteklasses-medisinsk-behandling\/\" target=\"_self\"><\/a>\n\t\t\t\t\t\t\t<\/div>\n\n\t\t\t\t\t\t\t\t\t\t\t\t\t\t\t\t\t\t<\/div>\n\t\t\t\t\t\t\t\t\t\t\t\t<div class=\"premium-blog-content-wrapper\">\n\n\t\t\t\t\t<div class=\"premium-blog-inner-container\">\n\n\t\t\t\t\t\t\t\t\t\t\t\t\t\t<h2 class=\"premium-blog-entry-title\">\n\t\t\t<a href=\"https:\/\/rebmed.no\/en\/2022\/06\/01\/hvordan-vedlikeholde-sykehusutstyr-for-a-gi-forsteklasses-medisinsk-behandling\/\" target=\"_self\">\n\t\t\t\tMaintenance of hospital equipment\t\t\t<\/a>\n\t\t<\/h2>\n\t\t\t\t<div class=\"premium-blog-entry-meta\">\n\t\t\t\n\t\t\t\t\t\t\t<span class=\"premium-blog-meta-separator\">\u2022<\/span>\n\t\t\t\t<div class=\"premium-blog-post-time premium-blog-meta-data\">\n\t\t\t\t\t<i class=\"fa fa-calendar-alt\" aria-hidden=\"true\"><\/i>\n\t\t\t\t\t<span>June 1, 2022<\/span>\n\t\t\t\t<\/div>\n\t\t\t\n\t\t\t\t\t\t\t<span class=\"premium-blog-meta-separator\">\u2022<\/span>\n\t\t\t\t<div class=\"premium-blog-post-categories premium-blog-meta-data\">\n\t\t\t\t\t<i class=\"fa fa-align-left fa-fw\" aria-hidden=\"true\"><\/i>\n\t\t\t\t\t<a href=\"https:\/\/rebmed.no\/en\/category\/sykehus\/\" rel=\"category tag\">Hospital<\/a>\t\t\t\t<\/div>\n\t\t\t\n\t\t\t\t\t<\/div>\n\t\t\n\t\t\t\t\t<\/div>\n\n\t\t\t\t\t\t\t<div class=\"premium-blog-content-inner-wrapper\">\n\t\t<p class=\"premium-blog-post-content\">ARTICLES \/ HOSPITALS How to maintain medical equipment to provide first-class care Hospitals around the world are witnessing an increase in influx<\/p><div class=\"premium-blog-excerpt-link-wrap\"><a href=\"https:\/\/rebmed.no\/en\/2022\/06\/01\/hvordan-vedlikeholde-sykehusutstyr-for-a-gi-forsteklasses-medisinsk-behandling\/\" target=\"_self\" class=\"premium-blog-excerpt-link elementor-button\">Read more..<\/a><\/div>\t\t<\/div>\n\t\t\t\t\t\t\t\n\t\t\t\t<\/div>\n\t\t\t<\/div>\n\t\t<\/div>\n\n\t\t\t\t<div class=\"premium-blog-post-outer-container\" data-total=\"1\">\n\t\t\t<div class=\"premium-blog-post-container premium-blog-skin-classic\">\n\t\t\t\t\t\t\t\t\t<div class=\"premium-blog-thumb-effect-wrapper\">\n\t\t\t\t\t\t<div class=\"premium-blog-thumbnail-container premium-blog-zoomin-effect\">\n\t\t\t\t\t\t\t<img loading=\"lazy\" decoding=\"async\" width=\"627\" height=\"553\" src=\"https:\/\/rebmed.no\/wp-content\/uploads\/2022\/05\/sykehjem-utstyr.jpg\" class=\"attachment-full size-full wp-image-4070\" alt=\"sykehjemsutstyr\" srcset=\"https:\/\/rebmed.no\/wp-content\/uploads\/2022\/05\/sykehjem-utstyr.jpg 627w, https:\/\/rebmed.no\/wp-content\/uploads\/2022\/05\/sykehjem-utstyr-600x529.jpg 600w, https:\/\/rebmed.no\/wp-content\/uploads\/2022\/05\/sykehjem-utstyr-300x265.jpg 300w, https:\/\/rebmed.no\/wp-content\/uploads\/2022\/05\/sykehjem-utstyr-14x12.jpg 14w\" sizes=\"(max-width: 627px) 100vw, 627px\" \/>\t\t\t\t\t\t<\/div>\n\t\t\t\t\t\t\t\t\t\t\t\t\t<div class=\"premium-blog-thumbnail-overlay\">\n\t\t\t\t\t\t\t\t<a class=\"elementor-icon\" href=\"https:\/\/rebmed.no\/en\/2022\/05\/30\/medisinsk-utstyr-ethvert-sykehjem-bor-ha-for-handen\/\" target=\"_self\"><\/a>\n\t\t\t\t\t\t\t<\/div>\n\n\t\t\t\t\t\t\t\t\t\t\t\t\t\t\t\t\t\t<\/div>\n\t\t\t\t\t\t\t\t\t\t\t\t<div class=\"premium-blog-content-wrapper\">\n\n\t\t\t\t\t<div class=\"premium-blog-inner-container\">\n\n\t\t\t\t\t\t\t\t\t\t\t\t\t\t<h2 class=\"premium-blog-entry-title\">\n\t\t\t<a href=\"https:\/\/rebmed.no\/en\/2022\/05\/30\/medisinsk-utstyr-ethvert-sykehjem-bor-ha-for-handen\/\" target=\"_self\">\n\t\t\t\tMedical equipment every nursing home should have available\t\t\t<\/a>\n\t\t<\/h2>\n\t\t\t\t<div class=\"premium-blog-entry-meta\">\n\t\t\t\n\t\t\t\t\t\t\t<span class=\"premium-blog-meta-separator\">\u2022<\/span>\n\t\t\t\t<div class=\"premium-blog-post-time premium-blog-meta-data\">\n\t\t\t\t\t<i class=\"fa fa-calendar-alt\" aria-hidden=\"true\"><\/i>\n\t\t\t\t\t<span>May 30, 2022<\/span>\n\t\t\t\t<\/div>\n\t\t\t\n\t\t\t\t\t\t\t<span class=\"premium-blog-meta-separator\">\u2022<\/span>\n\t\t\t\t<div class=\"premium-blog-post-categories premium-blog-meta-data\">\n\t\t\t\t\t<i class=\"fa fa-align-left fa-fw\" aria-hidden=\"true\"><\/i>\n\t\t\t\t\t<a href=\"https:\/\/rebmed.no\/en\/category\/sykehjem\/\" rel=\"category tag\">Nursing Homes<\/a>\t\t\t\t<\/div>\n\t\t\t\n\t\t\t\t\t<\/div>\n\t\t\n\t\t\t\t\t<\/div>\n\n\t\t\t\t\t\t\t<div class=\"premium-blog-content-inner-wrapper\">\n\t\t<p class=\"premium-blog-post-content\">ARTICLES \/ NURSING HOMES Medical equipment every nursing home should have available Nursing home residents are more prone than other people to need<\/p><div class=\"premium-blog-excerpt-link-wrap\"><a href=\"https:\/\/rebmed.no\/en\/2022\/05\/30\/medisinsk-utstyr-ethvert-sykehjem-bor-ha-for-handen\/\" target=\"_self\" class=\"premium-blog-excerpt-link elementor-button\">Read more..<\/a><\/div>\t\t<\/div>\n\t\t\t\t\t\t\t\n\t\t\t\t<\/div>\n\t\t\t<\/div>\n\t\t<\/div>\n\n\t\t\t\t\t\t\t<\/div>\n\n\t\t\n\t\t\n\t\t\t\t\t\t<\/div>\n\t\t\t\t<\/div>\n\t\t\t\t<div class=\"elementor-element elementor-element-73e76aa elementor-widget elementor-widget-spacer\" data-id=\"73e76aa\" data-element_type=\"widget\" data-e-type=\"widget\" data-widget_type=\"spacer.default\">\n\t\t\t\t<div class=\"elementor-widget-container\">\n\t\t\t\t\t\t\t<div class=\"elementor-spacer\">\n\t\t\t<div class=\"elementor-spacer-inner\"><\/div>\n\t\t<\/div>\n\t\t\t\t\t\t<\/div>\n\t\t\t\t<\/div>\n\t\t\t\t\t<\/div>\n\t\t<\/div>\n\t\t\t\t\t<\/div>\n\t\t<\/section>\n\t\t\t\t<\/div>","protected":false},"excerpt":{"rendered":"<p>Artikler Her kan du lese relevante artikler Velg rett rullator: Innend\u00f8rs vs utend\u00f8rs modeller for sykehjem \u2022 januar 14, 2026 \u2022 Sykehjem, Sykehus Valg av riktig rullator er avgj\u00f8rende for beboernes sikkerhet p\u00e5 sykehjem. Denne guiden forklarer forskjellene mellom innend\u00f8rs og utend\u00f8rs modeller, og hva du b\u00f8r se etter ved innkj\u00f8p. Les mer \u00bb Medisinsk [&hellip;]<\/p>\n","protected":false},"author":1,"featured_media":0,"parent":0,"menu_order":0,"comment_status":"closed","ping_status":"closed","template":"","meta":{"site-sidebar-layout":"no-sidebar","site-content-layout":"page-builder","ast-site-content-layout":"default","site-content-style":"default","site-sidebar-style":"default","ast-global-header-display":"","ast-banner-title-visibility":"","ast-main-header-display":"","ast-hfb-above-header-display":"","ast-hfb-below-header-display":"","ast-hfb-mobile-header-display":"","site-post-title":"disabled","ast-breadcrumbs-content":"","ast-featured-img":"disabled","footer-sml-layout":"","ast-disable-related-posts":"","theme-transparent-header-meta":"enabled","adv-header-id-meta":"","stick-header-meta":"","header-above-stick-meta":"","header-main-stick-meta":"","header-below-stick-meta":"","astra-migrate-meta-layouts":"default","ast-page-background-enabled":"default","ast-page-background-meta":{"desktop":{"background-color":"","background-image":"","background-repeat":"repeat","background-position":"center center","background-size":"auto","background-attachment":"scroll","background-type":"","background-media":"","overlay-type":"","overlay-color":"","overlay-opacity":"","overlay-gradient":""},"tablet":{"background-color":"","background-image":"","background-repeat":"repeat","background-position":"center center","background-size":"auto","background-attachment":"scroll","background-type":"","background-media":"","overlay-type":"","overlay-color":"","overlay-opacity":"","overlay-gradient":""},"mobile":{"background-color":"","background-image":"","background-repeat":"repeat","background-position":"center center","background-size":"auto","background-attachment":"scroll","background-type":"","background-media":"","overlay-type":"","overlay-color":"","overlay-opacity":"","overlay-gradient":""}},"ast-content-background-meta":{"desktop":{"background-color":"var(--ast-global-color-5)","background-image":"","background-repeat":"repeat","background-position":"center center","background-size":"auto","background-attachment":"scroll","background-type":"","background-media":"","overlay-type":"","overlay-color":"","overlay-opacity":"","overlay-gradient":""},"tablet":{"background-color":"var(--ast-global-color-5)","background-image":"","background-repeat":"repeat","background-position":"center center","background-size":"auto","background-attachment":"scroll","background-type":"","background-media":"","overlay-type":"","overlay-color":"","overlay-opacity":"","overlay-gradient":""},"mobile":{"background-color":"var(--ast-global-color-5)","background-image":"","background-repeat":"repeat","background-position":"center center","background-size":"auto","background-attachment":"scroll","background-type":"","background-media":"","overlay-type":"","overlay-color":"","overlay-opacity":"","overlay-gradient":""}},"footnotes":""},"class_list":["post-2890","page","type-page","status-publish","hentry"],"_links":{"self":[{"href":"https:\/\/rebmed.no\/en\/wp-json\/wp\/v2\/pages\/2890","targetHints":{"allow":["GET"]}}],"collection":[{"href":"https:\/\/rebmed.no\/en\/wp-json\/wp\/v2\/pages"}],"about":[{"href":"https:\/\/rebmed.no\/en\/wp-json\/wp\/v2\/types\/page"}],"author":[{"embeddable":true,"href":"https:\/\/rebmed.no\/en\/wp-json\/wp\/v2\/users\/1"}],"replies":[{"embeddable":true,"href":"https:\/\/rebmed.no\/en\/wp-json\/wp\/v2\/comments?post=2890"}],"version-history":[{"count":64,"href":"https:\/\/rebmed.no\/en\/wp-json\/wp\/v2\/pages\/2890\/revisions"}],"predecessor-version":[{"id":21848,"href":"https:\/\/rebmed.no\/en\/wp-json\/wp\/v2\/pages\/2890\/revisions\/21848"}],"wp:attachment":[{"href":"https:\/\/rebmed.no\/en\/wp-json\/wp\/v2\/media?parent=2890"}],"curies":[{"name":"wp","href":"https:\/\/api.w.org\/{rel}","templated":true}]}}