{"id":21683,"date":"2024-09-24T11:57:30","date_gmt":"2024-09-24T11:57:30","guid":{"rendered":"https:\/\/rebmed.no\/?post_type=product&#038;p=21683"},"modified":"2024-09-24T11:59:00","modified_gmt":"2024-09-24T11:59:00","slug":"soehnle-personvekt-7835","status":"publish","type":"product","link":"https:\/\/rebmed.no\/en\/product\/soehnle-personvekt-7835\/","title":{"rendered":"Soehnle personvekt 7835"},"content":{"rendered":"<h2 class=\"content--title\">Personlig vekt 7835 fra SOEHNLE<\/h2>\n<div class=\"product--description\">\n<p>Personvekten 7835 fra SOEHNLE kombinerer en stor slitebaneoverflate med et robust stativ for \u00e5 tilby n\u00f8yaktige m\u00e5linger for treningssentre, apotek og omsorgsinstitusjoner. Den har et stort LC-display som\u00a0<strong>p\u00e5litelig viser alle bestemte m\u00e5leverdier i sm\u00e5 sifrede intervaller<\/strong>. I tillegg beregner den automatisk BMI etter at h\u00f8yden ble lagt inn. De\u00a0<strong>integrerte transportrullene<\/strong>\u00a0og mulig\u00a0<strong>tr\u00e5dl\u00f8s drift<\/strong>\u00a0med batterier gj\u00f8r at de medisinske vektene kan brukes stedsuavhengig og fleksibelt.<\/p>\n<h3>Detaljer om produktet<\/h3>\n<ul>\n<li>Elektronisk\u00a0<strong>personvekt med stativ og valgfri ekstra m\u00e5lestang<\/strong><\/li>\n<li>Bakgrunnsbelyst LC-skjerm<\/li>\n<li>Hold-funksjonen st\u00f8tter m\u00e5len\u00f8yaktighet<\/li>\n<li><strong>Enkel \u00e5 t\u00f8rke av og desinfisere<\/strong><\/li>\n<li><strong>Automatisk beregning av BMI<\/strong>\u00a0gjennom h\u00f8ydeindikasjon<\/li>\n<li>Spesiell mobilitet takket v\u00e6re integrerte transportruller<\/li>\n<li>M\u00e5l p\u00e5 slitebanens overflate: B 35 x D 35 cm<\/li>\n<li>M\u00e5l: B 36,2 x D 48,8 x H 9,9 cm (eller 13,1 med m\u00e5lestang)<\/li>\n<li>Tilgjengelig i forskjellige versjoner<\/li>\n<\/ul>\n<h3>Utvidet utvalg av funksjoner i personvekt 7835<\/h3>\n<p>Personvekten har praktiske tilleggsfunksjoner for forbedret m\u00e5len\u00f8yaktighet og som st\u00f8tte for veiing.<\/p>\n<p><strong>Mor-barn-funksjonen<\/strong>\u00a0gj\u00f8r det mulig \u00e5 veie sm\u00e5 barn som ikke kan st\u00e5 p\u00e5 vekten alene, sammen med moren.<\/p>\n<p>Vekten har en\u00a0<strong>hold-funksjon<\/strong>\u00a0som fryser det m\u00e5lte resultatet p\u00e5 displayet. Dette sikrer nok tid til konsultasjon og til \u00e5 skrive ned m\u00e5leverdien p\u00e5 et senere tidspunkt.<\/p>\n<p>Den integrerte\u00a0<strong>auto-off-funksjonen<\/strong>\u00a0forhindrer tidlig t\u00f8mming av batteriet. I standby-modus sl\u00e5s vekten av autonomt etter noen minutter.<\/p>\n<h3>Tekniske detaljer<\/h3>\n<ul>\n<li>Funksjoner: hold, BMI, tara<\/li>\n<li>Veieomr\u00e5de: maks 200 kg<\/li>\n<li>Sifferintervaller: 100 g<\/li>\n<li>M\u00e5leenheter: kg og lb<\/li>\n<li>Str\u00f8mforsyning: batteri eller str\u00f8mforsyningsenhet<\/li>\n<li><strong>Valgfritt tilgjengelig med RS232-grensesnitt for tilkobling av skriver eller PC<\/strong><\/li>\n<\/ul>\n<h3>Innhold i pakken<\/h3>\n<ul>\n<li>1 SOEHNLE personvekt 7835 inkludert:\n<ul>\n<li>1 personlig vekt<\/li>\n<li>1 stativr\u00f8r<\/li>\n<li>1 skruesett for stativr\u00f8r<\/li>\n<li>1 str\u00f8mforsyning<\/li>\n<li>6 batterier<\/li>\n<\/ul>\n<\/li>\n<\/ul>\n<p><strong>Vektene er ikke beregnet for bruk i lovlig metrologi.<\/strong><\/p>\n<\/div>\n<div class=\"product--properties panel table-div\">\n<table class=\"dcs-table-properties\">\n<tbody>\n<tr>\n<td>Lastekapasitet:<\/td>\n<td>200 kg<\/td>\n<\/tr>\n<tr>\n<td>Kalibrering:<\/td>\n<td>ikke kalibrerbar<\/td>\n<\/tr>\n<\/tbody>\n<\/table>\n<\/div>","protected":false},"excerpt":{"rendered":"<p>Personlig vekt 7835 fra SOEHNLE Personvekten 7835 fra SOEHNLE kombinerer en stor slitebaneoverflate med et robust stativ for \u00e5 tilby n\u00f8yaktige m\u00e5linger for treningssentre, apotek og omsorgsinstitusjoner. Den har et stort LC-display som\u00a0p\u00e5litelig viser alle bestemte m\u00e5leverdier i sm\u00e5 sifrede intervaller. I tillegg beregner den automatisk BMI etter at h\u00f8yden ble lagt inn. De\u00a0integrerte transportrullene\u00a0og [&hellip;]<\/p>\n","protected":false},"featured_media":21684,"comment_status":"open","ping_status":"closed","template":"","meta":{"site-sidebar-layout":"default","site-content-layout":"","ast-site-content-layout":"default","site-content-style":"default","site-sidebar-style":"default","ast-global-header-display":"","ast-banner-title-visibility":"","ast-main-header-display":"","ast-hfb-above-header-display":"","ast-hfb-below-header-display":"","ast-hfb-mobile-header-display":"","site-post-title":"","ast-breadcrumbs-content":"","ast-featured-img":"","footer-sml-layout":"","ast-disable-related-posts":"","theme-transparent-header-meta":"default","adv-header-id-meta":"","stick-header-meta":"","header-above-stick-meta":"","header-main-stick-meta":"","header-below-stick-meta":"","astra-migrate-meta-layouts":"set","ast-page-background-enabled":"default","ast-page-background-meta":{"desktop":{"background-color":"","background-image":"","background-repeat":"repeat","background-position":"center center","background-size":"auto","background-attachment":"scroll","background-type":"","background-media":"","overlay-type":"","overlay-color":"","overlay-opacity":"","overlay-gradient":""},"tablet":{"background-color":"","background-image":"","background-repeat":"repeat","background-position":"center center","background-size":"auto","background-attachment":"scroll","background-type":"","background-media":"","overlay-type":"","overlay-color":"","overlay-opacity":"","overlay-gradient":""},"mobile":{"background-color":"","background-image":"","background-repeat":"repeat","background-position":"center center","background-size":"auto","background-attachment":"scroll","background-type":"","background-media":"","overlay-type":"","overlay-color":"","overlay-opacity":"","overlay-gradient":""}},"ast-content-background-meta":{"desktop":{"background-color":"var(--ast-global-color-5)","background-image":"","background-repeat":"repeat","background-position":"center center","background-size":"auto","background-attachment":"scroll","background-type":"","background-media":"","overlay-type":"","overlay-color":"","overlay-opacity":"","overlay-gradient":""},"tablet":{"background-color":"var(--ast-global-color-5)","background-image":"","background-repeat":"repeat","background-position":"center center","background-size":"auto","background-attachment":"scroll","background-type":"","background-media":"","overlay-type":"","overlay-color":"","overlay-opacity":"","overlay-gradient":""},"mobile":{"background-color":"var(--ast-global-color-5)","background-image":"","background-repeat":"repeat","background-position":"center center","background-size":"auto","background-attachment":"scroll","background-type":"","background-media":"","overlay-type":"","overlay-color":"","overlay-opacity":"","overlay-gradient":""}}},"product_brand":[],"product_cat":[26,24,25],"product_tag":[],"class_list":{"0":"post-21683","1":"product","2":"type-product","3":"status-publish","4":"has-post-thumbnail","6":"product_cat-legekontor","7":"product_cat-sykehjem","8":"product_cat-sykehus","9":"desktop-align-left","10":"tablet-align-left","11":"mobile-align-left","13":"first","14":"instock","15":"taxable","16":"shipping-taxable","17":"purchasable","18":"product-type-simple"},"_links":{"self":[{"href":"https:\/\/rebmed.no\/en\/wp-json\/wp\/v2\/product\/21683","targetHints":{"allow":["GET"]}}],"collection":[{"href":"https:\/\/rebmed.no\/en\/wp-json\/wp\/v2\/product"}],"about":[{"href":"https:\/\/rebmed.no\/en\/wp-json\/wp\/v2\/types\/product"}],"replies":[{"embeddable":true,"href":"https:\/\/rebmed.no\/en\/wp-json\/wp\/v2\/comments?post=21683"}],"wp:featuredmedia":[{"embeddable":true,"href":"https:\/\/rebmed.no\/en\/wp-json\/wp\/v2\/media\/21684"}],"wp:attachment":[{"href":"https:\/\/rebmed.no\/en\/wp-json\/wp\/v2\/media?parent=21683"}],"wp:term":[{"taxonomy":"product_brand","embeddable":true,"href":"https:\/\/rebmed.no\/en\/wp-json\/wp\/v2\/product_brand?post=21683"},{"taxonomy":"product_cat","embeddable":true,"href":"https:\/\/rebmed.no\/en\/wp-json\/wp\/v2\/product_cat?post=21683"},{"taxonomy":"product_tag","embeddable":true,"href":"https:\/\/rebmed.no\/en\/wp-json\/wp\/v2\/product_tag?post=21683"}],"curies":[{"name":"wp","href":"https:\/\/api.w.org\/{rel}","templated":true}]}}