{"id":21685,"date":"2024-09-24T12:10:10","date_gmt":"2024-09-24T12:10:10","guid":{"rendered":"https:\/\/rebmed.no\/?post_type=product&#038;p=21685"},"modified":"2024-11-11T13:19:44","modified_gmt":"2024-11-11T13:19:44","slug":"operasjonsbord-ot80-25","status":"publish","type":"product","link":"https:\/\/rebmed.no\/en\/product\/operasjonsbord-ot80-25\/","title":{"rendered":"Operasjonsbord OT80.25"},"content":{"rendered":"<div class=\"detail\">\n<div class=\"title\">\n<h1>Operasjonsbord OT80.25<\/h1>\n<\/div>\n<div class=\"cnt\">\n<p>Det elektrohydrauliske systemet gj\u00f8r denne modellen mer holdbar og langvarig. OT80.25 kan justeres til forskjellige posisjoner, utstyrt med forskjellig tilbeh\u00f8r og passer for alle kirurgiske disipliner. Dette operasjonsbordet er utstyrt med et batteribackup-system som enkelt gir 20 fulle bevegelser eller 1 times kontinuerlig drift. Slitesterke og antibakterielle PUR- eller Visco-madrasser er tilgjengelige p\u00e5 foresp\u00f8rsel for pasientkomfort. En nyreheis tilbys som ekstrautstyr p\u00e5 denne modellen.<\/p>\n<\/div>\n<\/div>\n<div class=\"offer\">\n<div class=\"text\">\n<p>V\u00e5re eksperter er klare til \u00e5 tilby deg de mest passende l\u00f8sninger.<\/p>\n<\/div>\n<\/div>\n<div class=\"more-info\">\n<div class=\"product-information\">\n<div class=\"tab-content\">\n<div id=\"technic\" class=\"content current\">\n<div class=\"list-item\">\n<p>En av de viktigste egenskapene til OT80.25 er hjulene som gir rask overf\u00f8ring av pasienten mellom operasjonsstuer uten behov for b\u00e5re. I tillegg til dette har OT80.25 manuelt og nyttig bremsesystem.<\/p>\n<p>&nbsp;<\/p>\n<p>Ideell tilgang i operasjonsomr\u00e5det<\/p>\n<p>Maksimal synlighet i operasjonsomr\u00e5det med nyreheisen, integrert p\u00e5 bordet og justerbar opptil 150\u00b0 (70 mm).<\/p>\n<p>&nbsp;<\/p>\n<p>Skyvefunksjon<\/p>\n<p>R\u00f8ntgengjennomsiktig i et bredt spekter uten \u00e5 forstyrre det sterile milj\u00f8et med sin langsg\u00e5ende skyvebordfunksjon p\u00e5 300 mm.<\/p>\n<p>&nbsp;<\/p>\n<p>Funksjonell design<\/p>\n<p>Brukervennlig modul\u00e6r design for ulike kirurgiske disipliner. Slitesterk og hygienisk kropp i rustfritt st\u00e5l i 316-grad.<\/p>\n<p>&nbsp;<\/p>\n<p>Tilbeh\u00f8r vedlegg<\/p>\n<p>Sengehester i rustfritt st\u00e5l integrert p\u00e5 begge sider av bordet gj\u00f8r at tilbeh\u00f8r kan festes uten \u00e5 fjerne eksisterende tilbeh\u00f8r.<\/p>\n<p>&nbsp;<\/p>\n<p>Ulike madrassalternativer<\/p>\n<p>Bordplate laget av kompakt materiale med h\u00f8y r\u00f8ntgentransparens, noe som gir bildebehandling av h\u00f8y kvalitet.<\/p>\n<p>Visco- eller polyuretanmadrassalternativer som sikrer pasientens komfort ved \u00e5 tilpasse seg kroppsform, og forhindre trykks\u00e5r.<\/p>\n<p>&nbsp;<\/p>\n<p>Ideell tilgang for C-armer<\/p>\n<p>Full tilgang til alle bordomr\u00e5der og radiolucent bordplate gir h\u00f8y bildebehandling. Den lave bordbasen gir enkel tilgang og tiln\u00e6rming til C-armer og kirurgiske mikroskoper. Valgfri karbonfiberforlengelsesplate for 360\u00b0 bildebehandling tilgjengelig.<\/p>\n<p>&nbsp;<\/p>\n<p>Robust base<\/p>\n<p>Basen laget av brudd- og korrosjonsbestandig ABS-materiale gir optimal fotklaring for kirurger. Store hjul som er enkle \u00e5 rengj\u00f8re for rask pasientforflytning.<\/p>\n<p>&nbsp;<\/p>\n<p>Ideell madrassytelse<\/p>\n<p>Polstringsmadrasser er designet og produsert i henhold til testresultatene fra Pressure Mapping Technology.<\/p>\n<p>&nbsp;<\/p>\n<p>Sofistikert betjeningskonsept<\/p>\n<p>Elektrohydraulisk bremsesystem via h\u00e5ndkontroll. Brukervennlig h\u00e5ndbetjening med 7 justerbare funksjoner. Foretrukne posisjoner kan huskes. Ved \u00e5 bruke bare \u00e9n knapp kan OT80.20 settes opp til en av de tidligere lagrede posisjonene. Bordet kan nivelleres (nullposisjon) med en knapp.<\/p>\n<p>&nbsp;<\/p>\n<p>Ekstra kontrollpanel<\/p>\n<p>Ekstra kontrollpanel p\u00e5 s\u00f8ylen med komplette funksjoner, med n\u00f8dstoppknapp.<\/p>\n<p>&nbsp;<\/p>\n<p>Bredt utvalg av tilbeh\u00f8r<\/p>\n<p>Bredt utvalg av tilbeh\u00f8r tillater en rekke pasientposisjoner for alle kirurgiske disipliner.<\/p>\n<p>Tilbeh\u00f8rsvogn for oppbevaring.<\/p>\n<\/div>\n<\/div>\n<\/div>\n<\/div>\n<\/div>","protected":false},"excerpt":{"rendered":"<p>Operasjonsbord for pasienter med h\u00f8y brukervekt.<\/p>","protected":false},"featured_media":21686,"comment_status":"open","ping_status":"closed","template":"","meta":{"site-sidebar-layout":"default","site-content-layout":"","ast-site-content-layout":"default","site-content-style":"default","site-sidebar-style":"default","ast-global-header-display":"","ast-banner-title-visibility":"","ast-main-header-display":"","ast-hfb-above-header-display":"","ast-hfb-below-header-display":"","ast-hfb-mobile-header-display":"","site-post-title":"","ast-breadcrumbs-content":"","ast-featured-img":"","footer-sml-layout":"","ast-disable-related-posts":"","theme-transparent-header-meta":"default","adv-header-id-meta":"","stick-header-meta":"","header-above-stick-meta":"","header-main-stick-meta":"","header-below-stick-meta":"","astra-migrate-meta-layouts":"set","ast-page-background-enabled":"default","ast-page-background-meta":{"desktop":{"background-color":"","background-image":"","background-repeat":"repeat","background-position":"center center","background-size":"auto","background-attachment":"scroll","background-type":"","background-media":"","overlay-type":"","overlay-color":"","overlay-opacity":"","overlay-gradient":""},"tablet":{"background-color":"","background-image":"","background-repeat":"repeat","background-position":"center center","background-size":"auto","background-attachment":"scroll","background-type":"","background-media":"","overlay-type":"","overlay-color":"","overlay-opacity":"","overlay-gradient":""},"mobile":{"background-color":"","background-image":"","background-repeat":"repeat","background-position":"center center","background-size":"auto","background-attachment":"scroll","background-type":"","background-media":"","overlay-type":"","overlay-color":"","overlay-opacity":"","overlay-gradient":""}},"ast-content-background-meta":{"desktop":{"background-color":"var(--ast-global-color-5)","background-image":"","background-repeat":"repeat","background-position":"center center","background-size":"auto","background-attachment":"scroll","background-type":"","background-media":"","overlay-type":"","overlay-color":"","overlay-opacity":"","overlay-gradient":""},"tablet":{"background-color":"var(--ast-global-color-5)","background-image":"","background-repeat":"repeat","background-position":"center center","background-size":"auto","background-attachment":"scroll","background-type":"","background-media":"","overlay-type":"","overlay-color":"","overlay-opacity":"","overlay-gradient":""},"mobile":{"background-color":"var(--ast-global-color-5)","background-image":"","background-repeat":"repeat","background-position":"center center","background-size":"auto","background-attachment":"scroll","background-type":"","background-media":"","overlay-type":"","overlay-color":"","overlay-opacity":"","overlay-gradient":""}}},"product_brand":[],"product_cat":[25],"product_tag":[91,92],"class_list":{"0":"post-21685","1":"product","2":"type-product","3":"status-publish","4":"has-post-thumbnail","6":"product_cat-sykehus","7":"product_tag-bariatrisk-kirurgi","8":"product_tag-mobilt-operasjonbord","9":"desktop-align-left","10":"tablet-align-left","11":"mobile-align-left","13":"first","14":"instock","15":"taxable","16":"shipping-taxable","17":"purchasable","18":"product-type-simple"},"_links":{"self":[{"href":"https:\/\/rebmed.no\/en\/wp-json\/wp\/v2\/product\/21685","targetHints":{"allow":["GET"]}}],"collection":[{"href":"https:\/\/rebmed.no\/en\/wp-json\/wp\/v2\/product"}],"about":[{"href":"https:\/\/rebmed.no\/en\/wp-json\/wp\/v2\/types\/product"}],"replies":[{"embeddable":true,"href":"https:\/\/rebmed.no\/en\/wp-json\/wp\/v2\/comments?post=21685"}],"wp:featuredmedia":[{"embeddable":true,"href":"https:\/\/rebmed.no\/en\/wp-json\/wp\/v2\/media\/21686"}],"wp:attachment":[{"href":"https:\/\/rebmed.no\/en\/wp-json\/wp\/v2\/media?parent=21685"}],"wp:term":[{"taxonomy":"product_brand","embeddable":true,"href":"https:\/\/rebmed.no\/en\/wp-json\/wp\/v2\/product_brand?post=21685"},{"taxonomy":"product_cat","embeddable":true,"href":"https:\/\/rebmed.no\/en\/wp-json\/wp\/v2\/product_cat?post=21685"},{"taxonomy":"product_tag","embeddable":true,"href":"https:\/\/rebmed.no\/en\/wp-json\/wp\/v2\/product_tag?post=21685"}],"curies":[{"name":"wp","href":"https:\/\/api.w.org\/{rel}","templated":true}]}}