{"id":21688,"date":"2024-09-24T12:31:28","date_gmt":"2024-09-24T12:31:28","guid":{"rendered":"https:\/\/rebmed.no\/?post_type=product&#038;p=21688"},"modified":"2024-09-24T12:31:28","modified_gmt":"2024-09-24T12:31:28","slug":"curadorm-pro-sykehjemsseng","status":"publish","type":"product","link":"https:\/\/rebmed.no\/en\/product\/curadorm-pro-sykehjemsseng\/","title":{"rendered":"Curadorm Pro sykehjemsseng"},"content":{"rendered":"<p>Curadorm Pro er en pleieseng med saksel\u00f8ftsystem, spesielt for profesjonell bruk i sykehjem og rehabiliteringssentre. Det spesielt store justeringsomr\u00e5det og det h\u00f8ykvalitets rullesystemet med sentralbrems er spesielt verdsatt av pleiere i daglig pleie.<\/p>\n<ul>\n<li>Pleieseng i 80 eller 90 cm bredde<\/li>\n<li>Tilgjengelig for rullestolbrukere: 13 cm<\/li>\n<li>4-delt, stabil liggeflate med hygienisk metallnett<\/li>\n<li>L\u00f8fteb\u00f8yle med ergonomisk h\u00e5ndtak<\/li>\n<li>Manuell kontroll med 4 funksjoner og enkeltfunksjonsl\u00e5s<\/li>\n<li>Systemutskj\u00e6ring p\u00e5 hodegjerde og fotgavl for oppbevaring (f.eks. dyner)<\/li>\n<li>Linak-motorsystem av h\u00f8y kvalitet<\/li>\n<li>Clinic dobbelt svingbart hjulsystem med sentralbrems<\/li>\n<li>Produktbildene p\u00e5 denne siden viser standardversjonen av pleiesengen. Sluttproduktet endres visuelt av tilleggsutstyr (finner du i delen &laquo;Ekstrautstyr \/ Valgfritt&raquo;), for eksempel sideskinnepaneler laget av plast eller l\u00e6r. Hvis du har sp\u00f8rsm\u00e5l ang\u00e5ende en bestilling, ikke\u00a0<a href=\"https:\/\/www.iskomed.de\/de\/kontakt\/anfrage\/\">n\u00f8l med \u00e5<\/a>\u00a0kontakte oss.<\/li>\n<\/ul>\n<p><a id=\"l23vhx-accordion-label\" class=\"accordion-title\" href=\"https:\/\/www.iskomed.de\/de\/produkt\/curadorm-pro\/#\" aria-controls=\"l23vhx-accordion\" aria-expanded=\"true\">Spesifikasjoner<\/a><\/p>\n<div id=\"l23vhx-accordion\" class=\"accordion-content\" role=\"region\" data-tab-content=\"\" aria-labelledby=\"l23vhx-accordion-label\" aria-hidden=\"false\">\n<ul>\n<li>Bredde madrass: 80 \u2013 90 cm<\/li>\n<li>Madrass lengde: 200 \u2013 220 cm<\/li>\n<li>H\u00f8yde seng: 32 \u2013 82 cm<\/li>\n<li>pasientens vekt: 170 kg<\/li>\n<li>Sikker arbeidsbelastning: 210 kg<\/li>\n<\/ul>\n<\/div>","protected":false},"excerpt":{"rendered":"<p>Pleieseng for sykehjem og rehabiliteringsinstitusjon.<\/p>","protected":false},"featured_media":21689,"comment_status":"open","ping_status":"closed","template":"","meta":{"site-sidebar-layout":"default","site-content-layout":"","ast-site-content-layout":"default","site-content-style":"default","site-sidebar-style":"default","ast-global-header-display":"","ast-banner-title-visibility":"","ast-main-header-display":"","ast-hfb-above-header-display":"","ast-hfb-below-header-display":"","ast-hfb-mobile-header-display":"","site-post-title":"","ast-breadcrumbs-content":"","ast-featured-img":"","footer-sml-layout":"","ast-disable-related-posts":"","theme-transparent-header-meta":"default","adv-header-id-meta":"","stick-header-meta":"","header-above-stick-meta":"","header-main-stick-meta":"","header-below-stick-meta":"","astra-migrate-meta-layouts":"set","ast-page-background-enabled":"default","ast-page-background-meta":{"desktop":{"background-color":"","background-image":"","background-repeat":"repeat","background-position":"center center","background-size":"auto","background-attachment":"scroll","background-type":"","background-media":"","overlay-type":"","overlay-color":"","overlay-opacity":"","overlay-gradient":""},"tablet":{"background-color":"","background-image":"","background-repeat":"repeat","background-position":"center center","background-size":"auto","background-attachment":"scroll","background-type":"","background-media":"","overlay-type":"","overlay-color":"","overlay-opacity":"","overlay-gradient":""},"mobile":{"background-color":"","background-image":"","background-repeat":"repeat","background-position":"center center","background-size":"auto","background-attachment":"scroll","background-type":"","background-media":"","overlay-type":"","overlay-color":"","overlay-opacity":"","overlay-gradient":""}},"ast-content-background-meta":{"desktop":{"background-color":"var(--ast-global-color-5)","background-image":"","background-repeat":"repeat","background-position":"center center","background-size":"auto","background-attachment":"scroll","background-type":"","background-media":"","overlay-type":"","overlay-color":"","overlay-opacity":"","overlay-gradient":""},"tablet":{"background-color":"var(--ast-global-color-5)","background-image":"","background-repeat":"repeat","background-position":"center center","background-size":"auto","background-attachment":"scroll","background-type":"","background-media":"","overlay-type":"","overlay-color":"","overlay-opacity":"","overlay-gradient":""},"mobile":{"background-color":"var(--ast-global-color-5)","background-image":"","background-repeat":"repeat","background-position":"center center","background-size":"auto","background-attachment":"scroll","background-type":"","background-media":"","overlay-type":"","overlay-color":"","overlay-opacity":"","overlay-gradient":""}}},"product_brand":[],"product_cat":[20,24],"product_tag":[93,21,37,43],"class_list":{"0":"post-21688","1":"product","2":"type-product","3":"status-publish","4":"has-post-thumbnail","6":"product_cat-senger","7":"product_cat-sykehjem","8":"product_tag-elektrisk-regulerbar-seng","9":"product_tag-pleieseng","10":"product_tag-seng","11":"product_tag-sykehjemsseng","12":"desktop-align-left","13":"tablet-align-left","14":"mobile-align-left","16":"first","17":"instock","18":"taxable","19":"shipping-taxable","20":"purchasable","21":"product-type-simple"},"_links":{"self":[{"href":"https:\/\/rebmed.no\/en\/wp-json\/wp\/v2\/product\/21688","targetHints":{"allow":["GET"]}}],"collection":[{"href":"https:\/\/rebmed.no\/en\/wp-json\/wp\/v2\/product"}],"about":[{"href":"https:\/\/rebmed.no\/en\/wp-json\/wp\/v2\/types\/product"}],"replies":[{"embeddable":true,"href":"https:\/\/rebmed.no\/en\/wp-json\/wp\/v2\/comments?post=21688"}],"wp:featuredmedia":[{"embeddable":true,"href":"https:\/\/rebmed.no\/en\/wp-json\/wp\/v2\/media\/21689"}],"wp:attachment":[{"href":"https:\/\/rebmed.no\/en\/wp-json\/wp\/v2\/media?parent=21688"}],"wp:term":[{"taxonomy":"product_brand","embeddable":true,"href":"https:\/\/rebmed.no\/en\/wp-json\/wp\/v2\/product_brand?post=21688"},{"taxonomy":"product_cat","embeddable":true,"href":"https:\/\/rebmed.no\/en\/wp-json\/wp\/v2\/product_cat?post=21688"},{"taxonomy":"product_tag","embeddable":true,"href":"https:\/\/rebmed.no\/en\/wp-json\/wp\/v2\/product_tag?post=21688"}],"curies":[{"name":"wp","href":"https:\/\/api.w.org\/{rel}","templated":true}]}}