{"id":21692,"date":"2024-09-24T13:56:06","date_gmt":"2024-09-24T13:56:06","guid":{"rendered":"https:\/\/rebmed.no\/?post_type=product&#038;p=21692"},"modified":"2024-09-24T13:56:06","modified_gmt":"2024-09-24T13:56:06","slug":"medisinvogn-medisa","status":"publish","type":"product","link":"https:\/\/rebmed.no\/en\/product\/medisinvogn-medisa\/","title":{"rendered":"Medisinvogn Medisa"},"content":{"rendered":"<p>Medisinvogn med sidetrekk arbeidsbord, fem lydl\u00f8se skuffer og en motstandsdyktig innvendig struktur laget av st\u00e5l som sikrer vognens motstand<\/p>\n<p>Struktur:<\/p>\n<div class=\"col\">\n<ul>\n<li><strong>Lydl\u00f8se hjul av h\u00f8y kvalitet<\/strong>\u00a0med 125 mm diameter,\u00a0<strong>jevn kj\u00f8ring og anti-vikling<\/strong><\/li>\n<li>Tretrinns<strong>\u00a0stilleg\u00e5ende skyveskuff med selvl\u00e5sende funksjon<\/strong><\/li>\n<li><strong>Arbeidsbord med sidetrekk<\/strong>, som\u00a0<strong>\u00f8ker den tilgjengelige overflaten<\/strong> uten \u00e5 \u00f8ke volumet p\u00e5 vognen.<\/li>\n<li><b>Dimensjoner:\u00a0<\/b>815 x 540 x 980 mm<\/li>\n<\/ul>\n<section class=\"file container-accordion-description\">\n<div class=\"container\">\n<div class=\"accordion-body accesories\">\n<div class=\"accordion-body-content\">\n<div class=\"col\">\n<p class=\"title\">Tilbeh\u00f8r inkludert<\/p>\n<ul>\n<li>Skjult arbeidsbord<\/li>\n<li>Str\u00f8mskinne<\/li>\n<li>N\u00e5leb\u00f8tte<\/li>\n<li>Avfall<\/li>\n<\/ul>\n<\/div>\n<\/div>\n<\/div>\n<\/div>\n<\/section>\n<section class=\"file container-accordion-description\">\n<div class=\"container\">\n<div class=\"accordion-head\"><\/div>\n<\/div>\n<\/section>\n<\/div>\n<div class=\"col\">\n<ul>\n<li style=\"list-style-type: none\">\n<ul>\n<li style=\"list-style-type: none\">\n<ul>\n<li style=\"list-style-type: none\"><\/li>\n<\/ul>\n<\/li>\n<\/ul>\n<\/li>\n<\/ul>\n<\/div>","protected":false},"excerpt":{"rendered":"<p>Medisin\/utstyrsvogn<\/p>","protected":false},"featured_media":21693,"comment_status":"open","ping_status":"closed","template":"","meta":{"site-sidebar-layout":"default","site-content-layout":"","ast-site-content-layout":"default","site-content-style":"default","site-sidebar-style":"default","ast-global-header-display":"","ast-banner-title-visibility":"","ast-main-header-display":"","ast-hfb-above-header-display":"","ast-hfb-below-header-display":"","ast-hfb-mobile-header-display":"","site-post-title":"","ast-breadcrumbs-content":"","ast-featured-img":"","footer-sml-layout":"","ast-disable-related-posts":"","theme-transparent-header-meta":"default","adv-header-id-meta":"","stick-header-meta":"","header-above-stick-meta":"","header-main-stick-meta":"","header-below-stick-meta":"","astra-migrate-meta-layouts":"set","ast-page-background-enabled":"default","ast-page-background-meta":{"desktop":{"background-color":"","background-image":"","background-repeat":"repeat","background-position":"center center","background-size":"auto","background-attachment":"scroll","background-type":"","background-media":"","overlay-type":"","overlay-color":"","overlay-opacity":"","overlay-gradient":""},"tablet":{"background-color":"","background-image":"","background-repeat":"repeat","background-position":"center center","background-size":"auto","background-attachment":"scroll","background-type":"","background-media":"","overlay-type":"","overlay-color":"","overlay-opacity":"","overlay-gradient":""},"mobile":{"background-color":"","background-image":"","background-repeat":"repeat","background-position":"center center","background-size":"auto","background-attachment":"scroll","background-type":"","background-media":"","overlay-type":"","overlay-color":"","overlay-opacity":"","overlay-gradient":""}},"ast-content-background-meta":{"desktop":{"background-color":"var(--ast-global-color-5)","background-image":"","background-repeat":"repeat","background-position":"center center","background-size":"auto","background-attachment":"scroll","background-type":"","background-media":"","overlay-type":"","overlay-color":"","overlay-opacity":"","overlay-gradient":""},"tablet":{"background-color":"var(--ast-global-color-5)","background-image":"","background-repeat":"repeat","background-position":"center center","background-size":"auto","background-attachment":"scroll","background-type":"","background-media":"","overlay-type":"","overlay-color":"","overlay-opacity":"","overlay-gradient":""},"mobile":{"background-color":"var(--ast-global-color-5)","background-image":"","background-repeat":"repeat","background-position":"center center","background-size":"auto","background-attachment":"scroll","background-type":"","background-media":"","overlay-type":"","overlay-color":"","overlay-opacity":"","overlay-gradient":""}}},"product_brand":[],"product_cat":[26,24,25],"product_tag":[95,94,96],"class_list":{"0":"post-21692","1":"product","2":"type-product","3":"status-publish","4":"has-post-thumbnail","6":"product_cat-legekontor","7":"product_cat-sykehjem","8":"product_cat-sykehus","9":"product_tag-medisin-tralle","10":"product_tag-medisin-vogn","11":"product_tag-vogn-for-medisinsk-utstyr","12":"desktop-align-left","13":"tablet-align-left","14":"mobile-align-left","16":"first","17":"instock","18":"taxable","19":"shipping-taxable","20":"purchasable","21":"product-type-simple"},"_links":{"self":[{"href":"https:\/\/rebmed.no\/en\/wp-json\/wp\/v2\/product\/21692","targetHints":{"allow":["GET"]}}],"collection":[{"href":"https:\/\/rebmed.no\/en\/wp-json\/wp\/v2\/product"}],"about":[{"href":"https:\/\/rebmed.no\/en\/wp-json\/wp\/v2\/types\/product"}],"replies":[{"embeddable":true,"href":"https:\/\/rebmed.no\/en\/wp-json\/wp\/v2\/comments?post=21692"}],"wp:featuredmedia":[{"embeddable":true,"href":"https:\/\/rebmed.no\/en\/wp-json\/wp\/v2\/media\/21693"}],"wp:attachment":[{"href":"https:\/\/rebmed.no\/en\/wp-json\/wp\/v2\/media?parent=21692"}],"wp:term":[{"taxonomy":"product_brand","embeddable":true,"href":"https:\/\/rebmed.no\/en\/wp-json\/wp\/v2\/product_brand?post=21692"},{"taxonomy":"product_cat","embeddable":true,"href":"https:\/\/rebmed.no\/en\/wp-json\/wp\/v2\/product_cat?post=21692"},{"taxonomy":"product_tag","embeddable":true,"href":"https:\/\/rebmed.no\/en\/wp-json\/wp\/v2\/product_tag?post=21692"}],"curies":[{"name":"wp","href":"https:\/\/api.w.org\/{rel}","templated":true}]}}