{"id":21695,"date":"2024-09-27T08:27:37","date_gmt":"2024-09-27T08:27:37","guid":{"rendered":"https:\/\/rebmed.no\/?post_type=product&#038;p=21695"},"modified":"2024-09-27T08:27:37","modified_gmt":"2024-09-27T08:27:37","slug":"neo-2-spedbarnsseng","status":"publish","type":"product","link":"https:\/\/rebmed.no\/en\/product\/neo-2-spedbarnsseng\/","title":{"rendered":"NEO 2 Spedbarnsseng"},"content":{"rendered":"<div class=\"col\">\n<p>Konstruksjon\/Design:<\/p>\n<ul>\n<li>Gjennomsiktig materiale\u00a0for\u00a0enkel babyobservasjon<\/li>\n<li><span class=\"OYPEnA text-decoration-none text-strikethrough-none\">Brede rotasjonshjul, med individuelle bremser<\/span><\/li>\n<li>1,2 mm tykk\u00a0<span style=\"font-size: 16px\">karbonst\u00e5lramme<\/span><\/li>\n<li>1,5 mm tykk<span style=\"font-size: 16px\">\u00a0l\u00f8ftekonstruksjon i aluminium<\/span><\/li>\n<li>Gjennomsiktig materiale for \u00e5 lette arbeidet til helsepersonell<\/li>\n<\/ul>\n<p>&nbsp;<\/p>\n<p>H\u00e5ndtering:<\/p>\n<ul>\n<li>Enkel\u00a0h\u00f8ydejustering<\/li>\n<li>Enkel bevegelse<\/li>\n<\/ul>\n<div class=\"col\">\n<ul>\n<li>Enkel tilgang til alle deler<span style=\"font-size: 16px\">\u00a0for rengj\u00f8ring<\/span><\/li>\n<\/ul>\n<\/div>\n<\/div>","protected":false},"excerpt":{"rendered":"<p>Barneseng laget av gjennomsiktige materialer for \u00e5 lette unders\u00f8kelsen, heve s\u00f8yle og hjul med individuelle bremser<\/p>","protected":false},"featured_media":21696,"comment_status":"open","ping_status":"closed","template":"","meta":{"site-sidebar-layout":"default","site-content-layout":"","ast-site-content-layout":"default","site-content-style":"default","site-sidebar-style":"default","ast-global-header-display":"","ast-banner-title-visibility":"","ast-main-header-display":"","ast-hfb-above-header-display":"","ast-hfb-below-header-display":"","ast-hfb-mobile-header-display":"","site-post-title":"","ast-breadcrumbs-content":"","ast-featured-img":"","footer-sml-layout":"","ast-disable-related-posts":"","theme-transparent-header-meta":"default","adv-header-id-meta":"","stick-header-meta":"","header-above-stick-meta":"","header-main-stick-meta":"","header-below-stick-meta":"","astra-migrate-meta-layouts":"set","ast-page-background-enabled":"default","ast-page-background-meta":{"desktop":{"background-color":"","background-image":"","background-repeat":"repeat","background-position":"center center","background-size":"auto","background-attachment":"scroll","background-type":"","background-media":"","overlay-type":"","overlay-color":"","overlay-opacity":"","overlay-gradient":""},"tablet":{"background-color":"","background-image":"","background-repeat":"repeat","background-position":"center center","background-size":"auto","background-attachment":"scroll","background-type":"","background-media":"","overlay-type":"","overlay-color":"","overlay-opacity":"","overlay-gradient":""},"mobile":{"background-color":"","background-image":"","background-repeat":"repeat","background-position":"center center","background-size":"auto","background-attachment":"scroll","background-type":"","background-media":"","overlay-type":"","overlay-color":"","overlay-opacity":"","overlay-gradient":""}},"ast-content-background-meta":{"desktop":{"background-color":"var(--ast-global-color-5)","background-image":"","background-repeat":"repeat","background-position":"center center","background-size":"auto","background-attachment":"scroll","background-type":"","background-media":"","overlay-type":"","overlay-color":"","overlay-opacity":"","overlay-gradient":""},"tablet":{"background-color":"var(--ast-global-color-5)","background-image":"","background-repeat":"repeat","background-position":"center center","background-size":"auto","background-attachment":"scroll","background-type":"","background-media":"","overlay-type":"","overlay-color":"","overlay-opacity":"","overlay-gradient":""},"mobile":{"background-color":"var(--ast-global-color-5)","background-image":"","background-repeat":"repeat","background-position":"center center","background-size":"auto","background-attachment":"scroll","background-type":"","background-media":"","overlay-type":"","overlay-color":"","overlay-opacity":"","overlay-gradient":""}}},"product_brand":[],"product_cat":[25],"product_tag":[99,98,97],"class_list":{"0":"post-21695","1":"product","2":"type-product","3":"status-publish","4":"has-post-thumbnail","6":"product_cat-sykehus","7":"product_tag-fodeavdeling","8":"product_tag-nyfodtseng","9":"product_tag-spedbarnsseng","10":"desktop-align-left","11":"tablet-align-left","12":"mobile-align-left","14":"first","15":"instock","16":"taxable","17":"shipping-taxable","18":"purchasable","19":"product-type-simple"},"_links":{"self":[{"href":"https:\/\/rebmed.no\/en\/wp-json\/wp\/v2\/product\/21695","targetHints":{"allow":["GET"]}}],"collection":[{"href":"https:\/\/rebmed.no\/en\/wp-json\/wp\/v2\/product"}],"about":[{"href":"https:\/\/rebmed.no\/en\/wp-json\/wp\/v2\/types\/product"}],"replies":[{"embeddable":true,"href":"https:\/\/rebmed.no\/en\/wp-json\/wp\/v2\/comments?post=21695"}],"wp:featuredmedia":[{"embeddable":true,"href":"https:\/\/rebmed.no\/en\/wp-json\/wp\/v2\/media\/21696"}],"wp:attachment":[{"href":"https:\/\/rebmed.no\/en\/wp-json\/wp\/v2\/media?parent=21695"}],"wp:term":[{"taxonomy":"product_brand","embeddable":true,"href":"https:\/\/rebmed.no\/en\/wp-json\/wp\/v2\/product_brand?post=21695"},{"taxonomy":"product_cat","embeddable":true,"href":"https:\/\/rebmed.no\/en\/wp-json\/wp\/v2\/product_cat?post=21695"},{"taxonomy":"product_tag","embeddable":true,"href":"https:\/\/rebmed.no\/en\/wp-json\/wp\/v2\/product_tag?post=21695"}],"curies":[{"name":"wp","href":"https:\/\/api.w.org\/{rel}","templated":true}]}}