{"id":21697,"date":"2024-09-27T08:49:34","date_gmt":"2024-09-27T08:49:34","guid":{"rendered":"https:\/\/rebmed.no\/?post_type=product&#038;p=21697"},"modified":"2024-09-27T08:50:47","modified_gmt":"2024-09-27T08:50:47","slug":"galaxy-3","status":"publish","type":"product","link":"https:\/\/rebmed.no\/en\/product\/galaxy-3\/","title":{"rendered":"Galaxy 3"},"content":{"rendered":"<p>GALAXY 3-seng, utviklet for \u00e5 tilfredsstille de h\u00f8yeste kravene i den globale sykehussektoren<\/p>\n<p>Konstruksjon\/Design:<\/p>\n<div class=\"col\">\n<p><strong>Epoksybelagt<\/strong>\u00a0st\u00e5lr\u00f8rramme.<\/p>\n<ul>\n<li><strong>Nytt design\u00a0<\/strong>for hodegjerde og fotgavl som forbedrer madrassens retensjon og forhindrer forskyvning. Festesystemet til strukturen gj\u00f8r det enkelt \u00e5 l\u00f8sne dem uten verkt\u00f8y.<\/li>\n<li><strong>Komplett med st\u00f8tter for tilbeh\u00f8r<\/strong> (IV-stang, l\u00f8ftestang, etc.) p\u00e5 hvert hj\u00f8rne av sengen.<\/li>\n<li><strong style=\"font-size: 16px\">Saksel\u00f8fthevingssystem<\/strong><span style=\"font-size: 16px\"> for st\u00f8rre stabilitet i alle posisjoner og arbeidsbelastning opp til 250 kg. SGS-sertifisert.<\/span><\/li>\n<li><strong style=\"font-size: 16px\">Sengebunn med fire uavhengige og avtakbare HPL-liggeseksjoner.<\/strong><\/li>\n<li><strong style=\"font-size: 16px\">Justerbare sideholdere\u00a0<\/strong><span style=\"font-size: 16px\">som forhindrer forskyvning av madrasser i forskjellige st\u00f8rrelser.\u00a0 \u00a0 <\/span><span style=\"font-size: 16px\">\u00a0 \u00a0 \u00a0 \u00a0 \u00a0 \u00a0 \u00a0 \u00a0 \u00a0 \u00a0 \u00a0 \u00a0 \u00a0 \u00a0 \u00a0 \u00a0 \u00a0 \u00a0 \u00a0 \u00a0 \u00a0 \u00a0 \u00a0 \u00a0 \u00a0 \u00a0 \u00a0 \u00a0 \u00a0 \u00a0 \u00a0 \u00a0 \u00a0 \u00a0 \u00a0 \u00a0 \u00a0 \u00a0 \u00a0 \u00a0 \u00a0 \u00a0 \u00a0 \u00a0 \u00a0 \u00a0 \u00a0 \u00a0 \u00a0 \u00a0 \u00a0 \u00a0 \u00a0 \u00a0 \u00a0 \u00a0 \u00a0 \u00a0 \u00a0 \u00a0 \u00a0 \u00a0 \u00a0 \u00a0 \u00a0 \u00a0 \u00a0 \u00a0 \u00a0 \u00a0 \u00a0 \u00a0<\/span><\/li>\n<li><strong style=\"font-size: 16px\">Fire uavhengige HDPE Medical sideskinner<\/strong><span style=\"font-size: 16px\"> i henhold til standardregel EN 60601-2-52 med gassfj\u00e6rassistent og enh\u00e5ndsbetjening<\/span><\/li>\n<li><strong style=\"font-size: 16px\">Sideskinner med en innovativ mekanisme<\/strong><span style=\"font-size: 16px\"> som krever minimal folding, ikke mer enn 7,5 cm<\/span><\/li>\n<li><strong style=\"font-size: 16px\">Utformingen av sideskinnene gj\u00f8r det mulig \u00e5 beskytte pasienten<\/strong><span style=\"font-size: 16px\"> langs hele liggeflaten<\/span><\/li>\n<li><strong style=\"font-size: 16px\">&laquo;Hjelp til \u00e5 st\u00e5 opp&raquo;-knappen.<\/strong><span style=\"font-size: 16px\"> Det gj\u00f8r det mulig \u00e5 optimalisere rekkef\u00f8lgen for pasientens utgang fra sengen ved ganske enkelt \u00e5 trykke p\u00e5 knappen som er integrert i skinnen<\/span><\/li>\n<li><strong style=\"font-size: 16px\">Sengen har to bl\u00e5 LED-lyspunkter<\/strong><span style=\"font-size: 16px\"> integrert i skinnen som aktiveres n\u00e5r den senkes<\/span><\/li>\n<li><strong style=\"font-size: 16px\">Automatisk alarm<\/strong><span style=\"font-size: 16px\"> for ryggst\u00f8tten ved 30\u00ba<\/span><\/li>\n<li><strong style=\"font-size: 16px\">Dobbelt automatisk anti-decubitus regresjonssystem<\/strong><span style=\"font-size: 16px\"> for \u00e5 tillate en bakplanregresjon (15 cm) og benregresjon (7 cm)<\/span><\/li>\n<li><strong style=\"font-size: 16px\">F\u00f8ringer for \u00e5 sette inn RX-kassett<\/strong><span style=\"font-size: 16px\">\u00a0(valgfri Ref.CHV26) p\u00e5 ryggst\u00f8tten<\/span><\/li>\n<li>Seksjoner, h\u00f8yde og trendelenburg \/ omvendt trendelenburg justering utf\u00f8rt av lavspenningsmotorer elektriske motorer<\/li>\n<li>Uavhengig fotvinkel fra knevinkel ved mekanisk aktivering av 5 posisjoner som gir st\u00f8rre ergonomi<\/li>\n<li>Hjertestolposisjon for \u00e5 gi et mer komfortabelt pasientopphold<\/li>\n<li>Utgangsposisjonsknapp, som gj\u00f8r det lettere for pasienten \u00e5 forlate sengen<\/li>\n<li>Funksjoner kan l\u00e5ses individuelt eller samtidig med &laquo;STOP&raquo;-knappen<\/li>\n<li>Sentralbremsesystem og styreinnretning<\/li>\n<li>5. hjul (valgfritt Ref.CHV24), \u00d8125 mm. 360\u00ba roterende med gassfj\u00e6r som tilpasser seg ujevnt underlag<\/li>\n<li>Panel for medisinsk personell, det gj\u00f8r det mulig \u00e5 aktivere og avbryte de forskjellige funksjonene til sengen<\/li>\n<li>Pasienth\u00e5ndsett (innvendige skinner): Gj\u00f8r det mulig for pasienten \u00e5 kontrollere og regulere delene av ryggst\u00f8tten, rygg\/fot og h\u00f8yde, aktivering av &laquo;GO&raquo;-knappen og nattlyset under sengen<\/li>\n<li><strong style=\"font-size: 16px\">N\u00f8dutl\u00f8sersystem<\/strong><span style=\"font-size: 16px\"> ved feil p\u00e5 elektrisk eller batteribackup (HLR-posisjon)<\/span><\/li>\n<li><strong style=\"font-size: 16px\">Bilateral pedal for h\u00f8ydejustering<\/strong><span style=\"font-size: 16px\">. Gj\u00f8r det mulig \u00e5 justere h\u00f8yden for \u00e5 redusere skaderisikoen<\/span><\/li>\n<li><strong style=\"font-size: 16px\">Dobbelt LED-sikkerhetsposisjonslys<\/strong><span style=\"font-size: 16px\"> (gr\u00f8nn farge for \u00e5 indikere minimumsh\u00f8yde, r\u00f8d n\u00e5r den overskrider minimum sikkerhetsh\u00f8yde)<\/span><\/li>\n<li><strong style=\"font-size: 16px\">Bremsepedalalarm<\/strong><span style=\"font-size: 16px\">: N\u00e5r sengen er tilkoblet, advarer denne alarmen hvis bremsesystemet er deaktivert<\/span><\/li>\n<li><strong style=\"font-size: 16px\">Alarm for<\/strong><span style=\"font-size: 16px\">\u00a0lavt batteri<\/span><\/li>\n<\/ul>\n<p>Tekniske data:<\/p>\n<div class=\"col\">\n<ul>\n<li><b>Utvendige m\u00e5l:<\/b>\u00a02233 x 980 mm<\/li>\n<li><b>Pasientoverflate:<\/b>\u00a02000 x 850 mm<\/li>\n<li><b>H\u00f8ydejustering:<\/b>\u00a0395 \u2013 775 mm<\/li>\n<li><b>Ryggst\u00f8tten vippes:<\/b>\u00a067\u00ba<\/li>\n<li><b>Benst\u00f8tten vippes:<\/b>\u00a028\u00ba<\/li>\n<li><b>Fotst\u00f8tten vippes:<\/b>\u00a019\u00ba<\/li>\n<li><b>Trendelenburg\/omvendt trendelenburg:<\/b>\u00a0\u00b1 16\u00ba<\/li>\n<li><b>Maksimal arbeidsbelastning:<\/b>\u00a0250 kg<\/li>\n<li><b>Vekt uten tilbeh\u00f8r:<\/b>\u00a0150 kg<\/li>\n<li><b>Ryggst\u00f8ttens autoregresjon:<\/b>\u00a0150 mm<\/li>\n<li><b>Autoregresjon av fotst\u00f8tte:<\/b>\u00a070 mm<\/li>\n<\/ul>\n<\/div>\n<div class=\"col\">\n<p class=\"title\">Elektriske funksjoner<\/p>\n<ul>\n<li><b>Str\u00f8mforsyning:<\/b>\u00a0240-100V 50-60Hz<\/li>\n<li><b>Maksimalt str\u00f8minntak:<\/b>\u00a05A, 100-240V<\/li>\n<li><b>Indikator for beskyttelse:<\/b>\u00a0IP66<\/li>\n<li><b>Klasse beskyttelse:<\/b>\u00a0Clase II<\/li>\n<li><b>Beskyttelse mot elektrisk st\u00f8t:<\/b>\u00a0TYPE B<\/li>\n<\/ul>\n<p>Tilbeh\u00f8r:<\/p>\n<div class=\"col\">\n<p class=\"title\">Valgfritt tilbeh\u00f8r<\/p>\n<ul>\n<li>L\u00f8fteb\u00f8yle (REF. CHA17)<\/li>\n<li>IV-stang (REF. CHA15)<\/li>\n<li>Madrass<\/li>\n<\/ul>\n<\/div>\n<div class=\"col\">\n<p class=\"title\">Tilleggsutstyr<\/p>\n<ul>\n<li>Bilateral pedal for h\u00f8ydejustering \/ eksamensposisjon (REF. CHV83)<\/li>\n<li>Femte hjul (REF. CHV 24)<\/li>\n<li>Bremsealarm p\u00e5\/av (REF. CHA30)<\/li>\n<li>St\u00f8tte for r\u00f8ntgenkassett<\/li>\n<\/ul>\n<\/div>\n<\/div>\n<\/div>","protected":false},"excerpt":{"rendered":"<p>GALAXY 3-seng, utviklet for \u00e5 tilfredsstille de h\u00f8yeste kravene i den globale sykehussektoren Konstruksjon\/Design: Epoksybelagt\u00a0st\u00e5lr\u00f8rramme. Nytt design\u00a0for hodegjerde og fotgavl som forbedrer madrassens retensjon og forhindrer forskyvning. Festesystemet til strukturen gj\u00f8r det enkelt \u00e5 l\u00f8sne dem uten verkt\u00f8y. Komplett med st\u00f8tter for tilbeh\u00f8r (IV-stang, l\u00f8ftestang, etc.) p\u00e5 hvert hj\u00f8rne av sengen. Saksel\u00f8fthevingssystem for st\u00f8rre stabilitet [&hellip;]<\/p>\n","protected":false},"featured_media":21698,"comment_status":"open","ping_status":"closed","template":"","meta":{"site-sidebar-layout":"default","site-content-layout":"","ast-site-content-layout":"default","site-content-style":"default","site-sidebar-style":"default","ast-global-header-display":"","ast-banner-title-visibility":"","ast-main-header-display":"","ast-hfb-above-header-display":"","ast-hfb-below-header-display":"","ast-hfb-mobile-header-display":"","site-post-title":"","ast-breadcrumbs-content":"","ast-featured-img":"","footer-sml-layout":"","ast-disable-related-posts":"","theme-transparent-header-meta":"default","adv-header-id-meta":"","stick-header-meta":"","header-above-stick-meta":"","header-main-stick-meta":"","header-below-stick-meta":"","astra-migrate-meta-layouts":"set","ast-page-background-enabled":"default","ast-page-background-meta":{"desktop":{"background-color":"","background-image":"","background-repeat":"repeat","background-position":"center center","background-size":"auto","background-attachment":"scroll","background-type":"","background-media":"","overlay-type":"","overlay-color":"","overlay-opacity":"","overlay-gradient":""},"tablet":{"background-color":"","background-image":"","background-repeat":"repeat","background-position":"center center","background-size":"auto","background-attachment":"scroll","background-type":"","background-media":"","overlay-type":"","overlay-color":"","overlay-opacity":"","overlay-gradient":""},"mobile":{"background-color":"","background-image":"","background-repeat":"repeat","background-position":"center center","background-size":"auto","background-attachment":"scroll","background-type":"","background-media":"","overlay-type":"","overlay-color":"","overlay-opacity":"","overlay-gradient":""}},"ast-content-background-meta":{"desktop":{"background-color":"var(--ast-global-color-5)","background-image":"","background-repeat":"repeat","background-position":"center center","background-size":"auto","background-attachment":"scroll","background-type":"","background-media":"","overlay-type":"","overlay-color":"","overlay-opacity":"","overlay-gradient":""},"tablet":{"background-color":"var(--ast-global-color-5)","background-image":"","background-repeat":"repeat","background-position":"center center","background-size":"auto","background-attachment":"scroll","background-type":"","background-media":"","overlay-type":"","overlay-color":"","overlay-opacity":"","overlay-gradient":""},"mobile":{"background-color":"var(--ast-global-color-5)","background-image":"","background-repeat":"repeat","background-position":"center center","background-size":"auto","background-attachment":"scroll","background-type":"","background-media":"","overlay-type":"","overlay-color":"","overlay-opacity":"","overlay-gradient":""}}},"product_brand":[],"product_cat":[20,24,25],"product_tag":[21,37,22],"class_list":{"0":"post-21697","1":"product","2":"type-product","3":"status-publish","4":"has-post-thumbnail","6":"product_cat-senger","7":"product_cat-sykehjem","8":"product_cat-sykehus","9":"product_tag-pleieseng","10":"product_tag-seng","11":"product_tag-sykehusseng","12":"desktop-align-left","13":"tablet-align-left","14":"mobile-align-left","16":"first","17":"instock","18":"taxable","19":"shipping-taxable","20":"purchasable","21":"product-type-simple"},"_links":{"self":[{"href":"https:\/\/rebmed.no\/en\/wp-json\/wp\/v2\/product\/21697","targetHints":{"allow":["GET"]}}],"collection":[{"href":"https:\/\/rebmed.no\/en\/wp-json\/wp\/v2\/product"}],"about":[{"href":"https:\/\/rebmed.no\/en\/wp-json\/wp\/v2\/types\/product"}],"replies":[{"embeddable":true,"href":"https:\/\/rebmed.no\/en\/wp-json\/wp\/v2\/comments?post=21697"}],"wp:featuredmedia":[{"embeddable":true,"href":"https:\/\/rebmed.no\/en\/wp-json\/wp\/v2\/media\/21698"}],"wp:attachment":[{"href":"https:\/\/rebmed.no\/en\/wp-json\/wp\/v2\/media?parent=21697"}],"wp:term":[{"taxonomy":"product_brand","embeddable":true,"href":"https:\/\/rebmed.no\/en\/wp-json\/wp\/v2\/product_brand?post=21697"},{"taxonomy":"product_cat","embeddable":true,"href":"https:\/\/rebmed.no\/en\/wp-json\/wp\/v2\/product_cat?post=21697"},{"taxonomy":"product_tag","embeddable":true,"href":"https:\/\/rebmed.no\/en\/wp-json\/wp\/v2\/product_tag?post=21697"}],"curies":[{"name":"wp","href":"https:\/\/api.w.org\/{rel}","templated":true}]}}