{"id":21699,"date":"2024-10-01T19:32:31","date_gmt":"2024-10-01T19:32:31","guid":{"rendered":"https:\/\/rebmed.no\/?post_type=product&#038;p=21699"},"modified":"2024-10-01T19:32:31","modified_gmt":"2024-10-01T19:32:31","slug":"galaxy-mini","status":"publish","type":"product","link":"https:\/\/rebmed.no\/en\/product\/galaxy-mini\/","title":{"rendered":"Galaxy Mini"},"content":{"rendered":"<ul>\n<li>GALAXY Mini barneseng er utviklet for \u00e5 oppn\u00e5 maksimal kvalitet og sikkerhet for \u00e5 st\u00f8tte de minste.<\/li>\n<\/ul>\n<p>Madrassbunn:<\/p>\n<div class=\"col\">\n<ul>\n<li><strong>Struktur laget av st\u00e5lr\u00f8r<\/strong>\u00a0med epoksybelegg<\/li>\n<li><strong>Ny ergonomisk hodegjerde\/fotgjerdedesign<\/strong>\u00a0som gj\u00f8r det lettere \u00e5 holde madrassen og hindrer den i \u00e5 bevege seg.<\/li>\n<li><strong>Festesystem med sikkerhetsl\u00e5s<\/strong>, for fjerning uten verkt\u00f8y<\/li>\n<li><strong>Justerbare sidebuer<\/strong>, som forhindrer bevegelse av madrassen<\/li>\n<li><strong style=\"font-size: 16px\">Inkorporering av st\u00f8tter som tillater tilpasning av tilbeh\u00f8r<\/strong><span style=\"font-size: 16px\"> (IV-stativ, inkorporator, etc.) i hvert hj\u00f8rne av sengen<\/span><\/li>\n<li><strong style=\"font-size: 16px\">L\u00f8ftesystemer <\/strong><span style=\"font-size: 16px\">som gir stor stabilitet i alle posisjoner og tillater en belastning p\u00e5 opptil 250 kg<\/span><\/li>\n<\/ul>\n<p>Komfort:<\/p>\n<div class=\"col\">\n<ul>\n<li><strong>Fire uavhengige og flyttbare moduler<\/strong>\u00a0laget av HPL. Nyttig omr\u00e5de 100%<\/li>\n<li><strong>Fire uavhengige sidegrinder laget av medisinsk HDPE<\/strong>\u00a0i henhold til\u00a0<strong>EN 60601-2-52-forskrifter<\/strong> med polstret senkesystem assistert av et gasstempel og vertikal justering med en enkelt h\u00e5nd<\/li>\n<li>Utformingen av sidegrindene gj\u00f8r at pasienten <strong>kan beskyttes 100 % p\u00e5 hele liggeflaten<\/strong><\/li>\n<li><strong>HDPE-skinnene har en integrert vinkelindikator<\/strong>, for st\u00f8rre kontroll av visuell vinkling for b\u00e5de tronplanet og TR\/ATR p\u00e5 sengen<\/li>\n<li><strong style=\"font-size: 16px\">Automatisk stopp av ryggst\u00f8tten ved 30\u00ba<\/strong><span style=\"font-size: 16px\">: automatisk deteksjonssystem for heving og senking av ryggst\u00f8tteseksjonen n\u00e5r den er plassert i 30\u00ba med akustisk advarsel<\/span><\/li>\n<li><strong style=\"font-size: 16px\">Integrert sengeforlengelse<\/strong><span style=\"font-size: 16px\"> med senget\u00f8yst\u00f8tte eller for \u00e5 huse sykepleietilsynspanelet (\u00b132cm)<\/span><\/li>\n<li><strong style=\"font-size: 16px\">Anti-decubitus-system, med dobbel automatisk regresjon<\/strong><span style=\"font-size: 16px\">. Denne mekanismen gj\u00f8r at planet til bagasjerommet (11 cm) og bena (7 cm) kan plasseres<\/span><\/li>\n<\/ul>\n<p>H\u00e5ndterings- og kontrollsystemer:<\/p>\n<div class=\"col\">\n<ul>\n<li><strong>Bevegelse av sengebunnplanene<\/strong>, h\u00f8yden ved hjelp av saks, trendelenburg og anti-trendelenburg ved hjelp av lavspenningselektriske motorer, i samsvar med EN 60601-1-forskriftene, med beskyttelsesniv\u00e5 IP66<\/li>\n<li><strong>Fotplan uavhengig av kneplanet med 5-posisjons<\/strong> mekanisk bevegelse, noe som gir st\u00f8rre ergonomi<\/li>\n<li><strong>Hjertestolposisjon<\/strong>\u00a0for \u00e5 lette pasientenes opphold i sengen<\/li>\n<li>Funksjonskanselleringssystem individuelt eller samtidig ved hjelp av\u00a0<strong>&laquo;STOP&raquo;-knappen<\/strong><\/li>\n<li><strong>Sentralisert og servostyrt bremsesystem<\/strong>. \u00d8150mm dobbeltb\u00e5ndshjul, k\u00e5per og antistatisk. De tillater bedre mobilitet av produktet n\u00e5r det utsettes for h\u00f8ye belastninger<\/li>\n<li><strong style=\"font-size: 16px\">5. hjul sentralt<\/strong><span style=\"font-size: 16px\">, retningsbestemt og dempet, \u00d8125 mm. 360\u00ba svingbar\u00a0<\/span><\/li>\n<li><strong style=\"font-size: 16px\">Uavhengige kontroller<\/strong><span style=\"font-size: 16px\">: integrert i rekkverket med sikkerhetsaktiveringsknapp &laquo;GO&raquo;, valgfritt<\/span><\/li>\n<li><strong style=\"font-size: 16px\">Pleiepanel<\/strong><span style=\"font-size: 16px\">: har forh\u00e5ndsbestemte sengebevegelsesfunksjoner<\/span><\/li>\n<li><strong style=\"font-size: 16px\">Den har et system for \u00e5 avbryte funksjoner individuelt eller samtidig<\/strong><span style=\"font-size: 16px\"> ved hjelp av &laquo;STOP&raquo; -knappen.<\/span><\/li>\n<\/ul>\n<p>Sikkerhet:<\/p>\n<ul>\n<li class=\"col\">\n<div class=\"col\">\n<p><strong>N\u00f8dutl\u00f8sersystem for bagasjerom i n\u00f8dstilfeller<\/strong>, batterisvikt eller str\u00f8mbrudd (RCP-posisjon)<\/p>\n<p><strong>Dobbelt LED-sikkerhetsposisjonslys<\/strong>\u00a0(gr\u00f8nt for \u00e5 indikere minimumsh\u00f8yden, r\u00f8dt n\u00e5r det overskrider minimum sikkerhetsh\u00f8yde), valgfritt<\/p>\n<\/div>\n<div class=\"col\">\n<p><strong>Termoplastisk nedre k\u00e5pe<\/strong>\u00a0som beskytter sengemekanismene og gj\u00f8r rengj\u00f8ringen enklere<\/p>\n<p><strong>Anti-klemsystem<\/strong>\u00a0med automatisk motorstopp n\u00e5r en hindring oppdages<\/p>\n<p><strong>Anti-kollapssystem<\/strong> i l\u00f8fteaktuatorene ved feil<\/p>\n<p><span style=\"font-size: 16px\">Tekniske data<\/span><\/p>\n<\/div>\n<ul>\n<li><b>Utvendig dimensjon:<\/b>\u00a01883 x 989 mm<\/li>\n<li><b>Dimensjon pasientoverflate:<\/b>\u00a01685 x 850 mm<\/li>\n<li><b>H\u00f8ydejustering:<\/b>\u00a0395- 775 mm<\/li>\n<li><b>Ryggst\u00f8ttens helling:<\/b>\u00a067\u00ba<\/li>\n<li><b>Benst\u00f8ttens helling:<\/b>\u00a028\u00ba<\/li>\n<li><b>Ryggst\u00f8ttens autoregresjon:<\/b>\u00a0150 mm<\/li>\n<li><b>Trendelenburg \/ omvendt trendelenburg:<\/b>\u00a0\u00b1 16\u00ba<\/li>\n<li><b>Maksimal vektbelastning:\u00a0<\/b>250 kg<\/li>\n<li><b>Vekt uten tilbeh\u00f8r:<\/b>\u00a0150 kg<\/li>\n<\/ul>\n<\/li>\n<\/ul>\n<p>Elektriske egenskaper<\/p>\n<ul>\n<li>Str\u00f8mforsyning: 240-100V 50-60Hz<\/li>\n<li>Maksimalt forbruk: 5A Hz, 100-240V<\/li>\n<li>Indikator for beskyttelse: IP 66<\/li>\n<li>Beskyttelsesklasse: Klasse II<\/li>\n<li>Grad av beskyttelse mot utslipp: B TYPE<\/li>\n<\/ul>\n<\/div>\n<\/div>\n<\/div>","protected":false},"excerpt":{"rendered":"<p>GALAXY Mini barneseng er utviklet for \u00e5 oppn\u00e5 maksimal kvalitet og sikkerhet for \u00e5 st\u00f8tte de minste. Madrassbunn: Struktur laget av st\u00e5lr\u00f8r\u00a0med epoksybelegg Ny ergonomisk hodegjerde\/fotgjerdedesign\u00a0som gj\u00f8r det lettere \u00e5 holde madrassen og hindrer den i \u00e5 bevege seg. Festesystem med sikkerhetsl\u00e5s, for fjerning uten verkt\u00f8y Justerbare sidebuer, som forhindrer bevegelse av madrassen Inkorporering av [&hellip;]<\/p>\n","protected":false},"featured_media":21700,"comment_status":"open","ping_status":"closed","template":"","meta":{"site-sidebar-layout":"default","site-content-layout":"","ast-site-content-layout":"default","site-content-style":"default","site-sidebar-style":"default","ast-global-header-display":"","ast-banner-title-visibility":"","ast-main-header-display":"disabled","ast-hfb-above-header-display":"","ast-hfb-below-header-display":"","ast-hfb-mobile-header-display":"","site-post-title":"","ast-breadcrumbs-content":"","ast-featured-img":"","footer-sml-layout":"","ast-disable-related-posts":"","theme-transparent-header-meta":"default","adv-header-id-meta":"","stick-header-meta":"","header-above-stick-meta":"","header-main-stick-meta":"","header-below-stick-meta":"","astra-migrate-meta-layouts":"set","ast-page-background-enabled":"default","ast-page-background-meta":{"desktop":{"background-color":"","background-image":"","background-repeat":"repeat","background-position":"center center","background-size":"auto","background-attachment":"scroll","background-type":"","background-media":"","overlay-type":"","overlay-color":"","overlay-opacity":"","overlay-gradient":""},"tablet":{"background-color":"","background-image":"","background-repeat":"repeat","background-position":"center center","background-size":"auto","background-attachment":"scroll","background-type":"","background-media":"","overlay-type":"","overlay-color":"","overlay-opacity":"","overlay-gradient":""},"mobile":{"background-color":"","background-image":"","background-repeat":"repeat","background-position":"center center","background-size":"auto","background-attachment":"scroll","background-type":"","background-media":"","overlay-type":"","overlay-color":"","overlay-opacity":"","overlay-gradient":""}},"ast-content-background-meta":{"desktop":{"background-color":"var(--ast-global-color-5)","background-image":"","background-repeat":"repeat","background-position":"center center","background-size":"auto","background-attachment":"scroll","background-type":"","background-media":"","overlay-type":"","overlay-color":"","overlay-opacity":"","overlay-gradient":""},"tablet":{"background-color":"var(--ast-global-color-5)","background-image":"","background-repeat":"repeat","background-position":"center center","background-size":"auto","background-attachment":"scroll","background-type":"","background-media":"","overlay-type":"","overlay-color":"","overlay-opacity":"","overlay-gradient":""},"mobile":{"background-color":"var(--ast-global-color-5)","background-image":"","background-repeat":"repeat","background-position":"center center","background-size":"auto","background-attachment":"scroll","background-type":"","background-media":"","overlay-type":"","overlay-color":"","overlay-opacity":"","overlay-gradient":""}}},"product_brand":[],"product_cat":[25],"product_tag":[22,100,101],"class_list":{"0":"post-21699","1":"product","2":"type-product","3":"status-publish","4":"has-post-thumbnail","6":"product_cat-sykehus","7":"product_tag-sykehusseng","8":"product_tag-sykehusseng-barn","9":"product_tag-sykehusseng-junior","10":"desktop-align-left","11":"tablet-align-left","12":"mobile-align-left","14":"first","15":"instock","16":"taxable","17":"shipping-taxable","18":"purchasable","19":"product-type-simple"},"_links":{"self":[{"href":"https:\/\/rebmed.no\/en\/wp-json\/wp\/v2\/product\/21699","targetHints":{"allow":["GET"]}}],"collection":[{"href":"https:\/\/rebmed.no\/en\/wp-json\/wp\/v2\/product"}],"about":[{"href":"https:\/\/rebmed.no\/en\/wp-json\/wp\/v2\/types\/product"}],"replies":[{"embeddable":true,"href":"https:\/\/rebmed.no\/en\/wp-json\/wp\/v2\/comments?post=21699"}],"wp:featuredmedia":[{"embeddable":true,"href":"https:\/\/rebmed.no\/en\/wp-json\/wp\/v2\/media\/21700"}],"wp:attachment":[{"href":"https:\/\/rebmed.no\/en\/wp-json\/wp\/v2\/media?parent=21699"}],"wp:term":[{"taxonomy":"product_brand","embeddable":true,"href":"https:\/\/rebmed.no\/en\/wp-json\/wp\/v2\/product_brand?post=21699"},{"taxonomy":"product_cat","embeddable":true,"href":"https:\/\/rebmed.no\/en\/wp-json\/wp\/v2\/product_cat?post=21699"},{"taxonomy":"product_tag","embeddable":true,"href":"https:\/\/rebmed.no\/en\/wp-json\/wp\/v2\/product_tag?post=21699"}],"curies":[{"name":"wp","href":"https:\/\/api.w.org\/{rel}","templated":true}]}}