{"id":21703,"date":"2024-10-02T06:56:42","date_gmt":"2024-10-02T06:56:42","guid":{"rendered":"https:\/\/rebmed.no\/?post_type=product&#038;p=21703"},"modified":"2024-10-02T06:56:42","modified_gmt":"2024-10-02T06:56:42","slug":"mayo-table-mekanisk","status":"publish","type":"product","link":"https:\/\/rebmed.no\/en\/product\/mayo-table-mekanisk\/","title":{"rendered":"Mayo table &#8211; Mekanisk"},"content":{"rendered":"<p><strong>Materialer<\/strong><\/p>\n<ul>\n<li>AISI304 rustfritt st\u00e5l<\/li>\n<\/ul>\n<p><strong>Konfigurasjon<\/strong><\/p>\n<ul>\n<li>Konkave hj\u00f8rner for enkel rengj\u00f8ring<\/li>\n<li>Roterende toppskuff<\/li>\n<li>Mekanisk h\u00f8ydejustering<\/li>\n<li>St\u00f8tfangere p\u00e5 begge hjulene<\/li>\n<li>3 stk hjul 2 med brems<\/li>\n<li>\u00d8 75 mm Hjul<\/li>\n<\/ul>\n<p><strong>Dimensjoner<\/strong><\/p>\n<p>740 x 540 x 1000 &#8211; 1420 H mm<\/p>","protected":false},"excerpt":{"rendered":"<p>Materialer AISI304 rustfritt st\u00e5l Konfigurasjon Konkave hj\u00f8rner for enkel rengj\u00f8ring Roterende toppskuff Mekanisk h\u00f8ydejustering St\u00f8tfangere p\u00e5 begge hjulene 3 stk hjul 2 med brems \u00d8 75 mm Hjul Dimensjoner 740 x 540 x 1000 &#8211; 1420 H mm<\/p>","protected":false},"featured_media":21704,"comment_status":"open","ping_status":"closed","template":"","meta":{"site-sidebar-layout":"default","site-content-layout":"","ast-site-content-layout":"default","site-content-style":"default","site-sidebar-style":"default","ast-global-header-display":"","ast-banner-title-visibility":"","ast-main-header-display":"","ast-hfb-above-header-display":"","ast-hfb-below-header-display":"","ast-hfb-mobile-header-display":"","site-post-title":"","ast-breadcrumbs-content":"","ast-featured-img":"","footer-sml-layout":"","ast-disable-related-posts":"","theme-transparent-header-meta":"default","adv-header-id-meta":"","stick-header-meta":"","header-above-stick-meta":"","header-main-stick-meta":"","header-below-stick-meta":"","astra-migrate-meta-layouts":"set","ast-page-background-enabled":"default","ast-page-background-meta":{"desktop":{"background-color":"","background-image":"","background-repeat":"repeat","background-position":"center center","background-size":"auto","background-attachment":"scroll","background-type":"","background-media":"","overlay-type":"","overlay-color":"","overlay-opacity":"","overlay-gradient":""},"tablet":{"background-color":"","background-image":"","background-repeat":"repeat","background-position":"center center","background-size":"auto","background-attachment":"scroll","background-type":"","background-media":"","overlay-type":"","overlay-color":"","overlay-opacity":"","overlay-gradient":""},"mobile":{"background-color":"","background-image":"","background-repeat":"repeat","background-position":"center center","background-size":"auto","background-attachment":"scroll","background-type":"","background-media":"","overlay-type":"","overlay-color":"","overlay-opacity":"","overlay-gradient":""}},"ast-content-background-meta":{"desktop":{"background-color":"var(--ast-global-color-5)","background-image":"","background-repeat":"repeat","background-position":"center center","background-size":"auto","background-attachment":"scroll","background-type":"","background-media":"","overlay-type":"","overlay-color":"","overlay-opacity":"","overlay-gradient":""},"tablet":{"background-color":"var(--ast-global-color-5)","background-image":"","background-repeat":"repeat","background-position":"center center","background-size":"auto","background-attachment":"scroll","background-type":"","background-media":"","overlay-type":"","overlay-color":"","overlay-opacity":"","overlay-gradient":""},"mobile":{"background-color":"var(--ast-global-color-5)","background-image":"","background-repeat":"repeat","background-position":"center center","background-size":"auto","background-attachment":"scroll","background-type":"","background-media":"","overlay-type":"","overlay-color":"","overlay-opacity":"","overlay-gradient":""}}},"product_brand":[],"product_cat":[26,25],"product_tag":[102,104,105,103],"class_list":{"0":"post-21703","1":"product","2":"type-product","3":"status-publish","4":"has-post-thumbnail","6":"product_cat-legekontor","7":"product_cat-sykehus","8":"product_tag-assistansebord","9":"product_tag-mayo-bord","10":"product_tag-mayo-table","11":"product_tag-stalprodukter","12":"desktop-align-left","13":"tablet-align-left","14":"mobile-align-left","16":"first","17":"instock","18":"taxable","19":"shipping-taxable","20":"purchasable","21":"product-type-simple"},"_links":{"self":[{"href":"https:\/\/rebmed.no\/en\/wp-json\/wp\/v2\/product\/21703","targetHints":{"allow":["GET"]}}],"collection":[{"href":"https:\/\/rebmed.no\/en\/wp-json\/wp\/v2\/product"}],"about":[{"href":"https:\/\/rebmed.no\/en\/wp-json\/wp\/v2\/types\/product"}],"replies":[{"embeddable":true,"href":"https:\/\/rebmed.no\/en\/wp-json\/wp\/v2\/comments?post=21703"}],"wp:featuredmedia":[{"embeddable":true,"href":"https:\/\/rebmed.no\/en\/wp-json\/wp\/v2\/media\/21704"}],"wp:attachment":[{"href":"https:\/\/rebmed.no\/en\/wp-json\/wp\/v2\/media?parent=21703"}],"wp:term":[{"taxonomy":"product_brand","embeddable":true,"href":"https:\/\/rebmed.no\/en\/wp-json\/wp\/v2\/product_brand?post=21703"},{"taxonomy":"product_cat","embeddable":true,"href":"https:\/\/rebmed.no\/en\/wp-json\/wp\/v2\/product_cat?post=21703"},{"taxonomy":"product_tag","embeddable":true,"href":"https:\/\/rebmed.no\/en\/wp-json\/wp\/v2\/product_tag?post=21703"}],"curies":[{"name":"wp","href":"https:\/\/api.w.org\/{rel}","templated":true}]}}