{"id":2342,"date":"2022-04-07T20:05:02","date_gmt":"2022-04-07T20:05:02","guid":{"rendered":"https:\/\/rebmed.no\/?post_type=product&#038;p=2342"},"modified":"2022-04-08T00:01:00","modified_gmt":"2022-04-08T00:01:00","slug":"avansert-sykehusseng","status":"publish","type":"product","link":"https:\/\/rebmed.no\/en\/product\/avansert-sykehusseng\/","title":{"rendered":"Advanced hospital bed"},"content":{"rendered":"<p>Avansert sykehusseng med sidevipping og skalering. Seng med sidevipp modell VOLTEA hel elektrisk med s\u00f8ylesystem. Maks tillatt belastning: 250 kg. Fire uavhengige ABS liggeseksjoner. Sengeforlengelse (\u00b1 20 cm) med skyvest\u00f8tte i lin og oppbevaringssted for sykepleierkontrollboks. Valgfrie kontroller integrert p\u00e5 sideskinner eller pasientkontrollkommando. Sykepleie kontrollpanel. GO Sikkerhetsknapp. Uavhengig fotvinkel fra knevinkel ved mekanisk aktivering, noe som gir st\u00f8rre ergonomi. Autocontour (11 cm rygg \/ 7 cm bekken). Plassering av hjertestol for \u00e5 lette pasientens opphold. Lateral vippestilling for \u00e5 forhindre mulige komplikasjoner (trykks\u00e5r, sirkulasjonsforstyrrelser, ..). Ogs\u00e5 for forflytning fra seng til operasjonsbord eller forflytningsbord, og rengj\u00f8ring av pasienter. H\u00f8yde, Trendelemburg og antitrendelemburg justert med elektrisk s\u00f8yledrift. Oppladbart batteri med lang levetid. Plastbelagte hjul med diameter 150 mm. Beskyttelsesst\u00f8tfangere. Bunndeksel i ABS. Fire stikkontakter for IV-stang og l\u00f8ftestang. Kabelholder. Madrassen stopper. Sentralbremsesystem og styring. Vinkelindikator for ryggst\u00f8tte og TR\/ATR. Bilateral tilbeh\u00f8rsholder. 8 kroker for stropper.<\/p>","protected":false},"excerpt":{"rendered":"<p>Advanced hospital bed with side tilt and bed extension. Four independent and detachable ABS lying sections.<\/p>","protected":false},"featured_media":2352,"comment_status":"open","ping_status":"closed","template":"","meta":{"site-sidebar-layout":"default","site-content-layout":"default","ast-site-content-layout":"default","site-content-style":"default","site-sidebar-style":"default","ast-global-header-display":"","ast-banner-title-visibility":"","ast-main-header-display":"","ast-hfb-above-header-display":"","ast-hfb-below-header-display":"","ast-hfb-mobile-header-display":"","site-post-title":"","ast-breadcrumbs-content":"","ast-featured-img":"","footer-sml-layout":"","ast-disable-related-posts":"","theme-transparent-header-meta":"default","adv-header-id-meta":"","stick-header-meta":"","header-above-stick-meta":"","header-main-stick-meta":"","header-below-stick-meta":"","astra-migrate-meta-layouts":"default","ast-page-background-enabled":"default","ast-page-background-meta":{"desktop":{"background-color":"","background-image":"","background-repeat":"repeat","background-position":"center center","background-size":"auto","background-attachment":"scroll","background-type":"","background-media":"","overlay-type":"","overlay-color":"","overlay-opacity":"","overlay-gradient":""},"tablet":{"background-color":"","background-image":"","background-repeat":"repeat","background-position":"center center","background-size":"auto","background-attachment":"scroll","background-type":"","background-media":"","overlay-type":"","overlay-color":"","overlay-opacity":"","overlay-gradient":""},"mobile":{"background-color":"","background-image":"","background-repeat":"repeat","background-position":"center center","background-size":"auto","background-attachment":"scroll","background-type":"","background-media":"","overlay-type":"","overlay-color":"","overlay-opacity":"","overlay-gradient":""}},"ast-content-background-meta":{"desktop":{"background-color":"var(--ast-global-color-5)","background-image":"","background-repeat":"repeat","background-position":"center center","background-size":"auto","background-attachment":"scroll","background-type":"","background-media":"","overlay-type":"","overlay-color":"","overlay-opacity":"","overlay-gradient":""},"tablet":{"background-color":"var(--ast-global-color-5)","background-image":"","background-repeat":"repeat","background-position":"center center","background-size":"auto","background-attachment":"scroll","background-type":"","background-media":"","overlay-type":"","overlay-color":"","overlay-opacity":"","overlay-gradient":""},"mobile":{"background-color":"var(--ast-global-color-5)","background-image":"","background-repeat":"repeat","background-position":"center center","background-size":"auto","background-attachment":"scroll","background-type":"","background-media":"","overlay-type":"","overlay-color":"","overlay-opacity":"","overlay-gradient":""}}},"product_brand":[],"product_cat":[25],"product_tag":[21,22,27],"class_list":{"0":"post-2342","1":"product","2":"type-product","3":"status-publish","4":"has-post-thumbnail","6":"product_cat-sykehus","7":"product_tag-pleieseng","8":"product_tag-sykehusseng","9":"product_tag-sykeseng","10":"desktop-align-left","11":"tablet-align-left","12":"mobile-align-left","14":"first","15":"onbackorder","16":"taxable","17":"shipping-taxable","18":"purchasable","19":"product-type-simple"},"_links":{"self":[{"href":"https:\/\/rebmed.no\/en\/wp-json\/wp\/v2\/product\/2342","targetHints":{"allow":["GET"]}}],"collection":[{"href":"https:\/\/rebmed.no\/en\/wp-json\/wp\/v2\/product"}],"about":[{"href":"https:\/\/rebmed.no\/en\/wp-json\/wp\/v2\/types\/product"}],"replies":[{"embeddable":true,"href":"https:\/\/rebmed.no\/en\/wp-json\/wp\/v2\/comments?post=2342"}],"wp:featuredmedia":[{"embeddable":true,"href":"https:\/\/rebmed.no\/en\/wp-json\/wp\/v2\/media\/2352"}],"wp:attachment":[{"href":"https:\/\/rebmed.no\/en\/wp-json\/wp\/v2\/media?parent=2342"}],"wp:term":[{"taxonomy":"product_brand","embeddable":true,"href":"https:\/\/rebmed.no\/en\/wp-json\/wp\/v2\/product_brand?post=2342"},{"taxonomy":"product_cat","embeddable":true,"href":"https:\/\/rebmed.no\/en\/wp-json\/wp\/v2\/product_cat?post=2342"},{"taxonomy":"product_tag","embeddable":true,"href":"https:\/\/rebmed.no\/en\/wp-json\/wp\/v2\/product_tag?post=2342"}],"curies":[{"name":"wp","href":"https:\/\/api.w.org\/{rel}","templated":true}]}}