{"id":2354,"date":"2022-04-07T21:12:00","date_gmt":"2022-04-07T21:12:00","guid":{"rendered":"https:\/\/rebmed.no\/?post_type=product&#038;p=2354"},"modified":"2024-08-09T15:31:48","modified_gmt":"2024-08-09T15:31:48","slug":"transcare-for-pasientoverforing","status":"publish","type":"product","link":"https:\/\/rebmed.no\/en\/product\/transcare-for-pasientoverforing\/","title":{"rendered":"Transcare for patient transfer"},"content":{"rendered":"<p>Epoksybelagt st\u00e5lr\u00f8rramme, design med to s\u00f8yler.<br \/>\nTo-seksjons plattform laget av fuktsikker og slagfast kompakt HPL-materiale motstandsdyktig mot fuktighet og st\u00f8t.<br \/>\nHelt radiolucent plattform.<br \/>\nAll bevegelse av b\u00e5remodellen Transcare er laget pneumatisk eller hydraulisk.<\/p>\n<p>Pneumatisk betjent ryggst\u00f8tte og h\u00f8yde fra 660 mm til 975 mm.<br \/>\nPneumatisk betjent Trendelenburg og revers Trendelenburg (+\/-18\u00ba).<br \/>\nMadrass av polyuretanskum med h\u00f8y tetthet, 10 cm h\u00f8y for optimal komfort og ergonomi. Polstret med antibakteriell, slitebestandig, M-1 klasse selvslukkende vinyl. Enkel \u00e5 rengj\u00f8re og vedlikeholde.<br \/>\nTosidige fotpedaler for h\u00f8yde-, trendelemburg- og omvendt trendelemburg-justering.<br \/>\nSentralbremse og servostyring p\u00e5 fotsiden. 200 mm diameter hjul og et 5. hjul for forbedret man\u00f8vrerbarhet og kontroll p\u00e5 sengen; mindre plass kreves for svinger.<\/p>\n<p>H\u00c5NDTERING<br \/>\nPlysjh\u00e5ndtak for enklere h\u00e5ndtering.<br \/>\nSammenleggbare og bortgjembare sideskinner. Sikker justering, unng\u00e5 felling. Nedre posisjon overskrider ikke madrassen, s\u00e5 pasientoverf\u00f8ringen er komfortabel, trygg og jevn.<br \/>\nGummist\u00f8tfangere i hvert hj\u00f8rne og st\u00f8tbeskyttelse i hele omkretsen.<br \/>\nTermoplastisk ABS-panel i bunnen beskytter b\u00e5remekanismen og enkel rengj\u00f8ring, med bred integrert oksygenflaskeholder.<\/p>","protected":false},"excerpt":{"rendered":"<p>Patient transfer<\/p>","protected":false},"featured_media":2355,"comment_status":"open","ping_status":"closed","template":"","meta":{"site-sidebar-layout":"default","site-content-layout":"default","ast-site-content-layout":"default","site-content-style":"default","site-sidebar-style":"default","ast-global-header-display":"","ast-banner-title-visibility":"","ast-main-header-display":"","ast-hfb-above-header-display":"","ast-hfb-below-header-display":"","ast-hfb-mobile-header-display":"","site-post-title":"","ast-breadcrumbs-content":"","ast-featured-img":"","footer-sml-layout":"","ast-disable-related-posts":"","theme-transparent-header-meta":"default","adv-header-id-meta":"","stick-header-meta":"","header-above-stick-meta":"","header-main-stick-meta":"","header-below-stick-meta":"","astra-migrate-meta-layouts":"default","ast-page-background-enabled":"default","ast-page-background-meta":{"desktop":{"background-color":"","background-image":"","background-repeat":"repeat","background-position":"center center","background-size":"auto","background-attachment":"scroll","background-type":"","background-media":"","overlay-type":"","overlay-color":"","overlay-opacity":"","overlay-gradient":""},"tablet":{"background-color":"","background-image":"","background-repeat":"repeat","background-position":"center center","background-size":"auto","background-attachment":"scroll","background-type":"","background-media":"","overlay-type":"","overlay-color":"","overlay-opacity":"","overlay-gradient":""},"mobile":{"background-color":"","background-image":"","background-repeat":"repeat","background-position":"center center","background-size":"auto","background-attachment":"scroll","background-type":"","background-media":"","overlay-type":"","overlay-color":"","overlay-opacity":"","overlay-gradient":""}},"ast-content-background-meta":{"desktop":{"background-color":"var(--ast-global-color-5)","background-image":"","background-repeat":"repeat","background-position":"center center","background-size":"auto","background-attachment":"scroll","background-type":"","background-media":"","overlay-type":"","overlay-color":"","overlay-opacity":"","overlay-gradient":""},"tablet":{"background-color":"var(--ast-global-color-5)","background-image":"","background-repeat":"repeat","background-position":"center center","background-size":"auto","background-attachment":"scroll","background-type":"","background-media":"","overlay-type":"","overlay-color":"","overlay-opacity":"","overlay-gradient":""},"mobile":{"background-color":"var(--ast-global-color-5)","background-image":"","background-repeat":"repeat","background-position":"center center","background-size":"auto","background-attachment":"scroll","background-type":"","background-media":"","overlay-type":"","overlay-color":"","overlay-opacity":"","overlay-gradient":""}}},"product_brand":[],"product_cat":[25],"product_tag":[28,29],"class_list":{"0":"post-2354","1":"product","2":"type-product","3":"status-publish","4":"has-post-thumbnail","6":"product_cat-sykehus","7":"product_tag-pasientoverforing","8":"product_tag-pasienttransport","9":"desktop-align-left","10":"tablet-align-left","11":"mobile-align-left","13":"first","14":"instock","15":"taxable","16":"shipping-taxable","17":"purchasable","18":"product-type-simple"},"_links":{"self":[{"href":"https:\/\/rebmed.no\/en\/wp-json\/wp\/v2\/product\/2354","targetHints":{"allow":["GET"]}}],"collection":[{"href":"https:\/\/rebmed.no\/en\/wp-json\/wp\/v2\/product"}],"about":[{"href":"https:\/\/rebmed.no\/en\/wp-json\/wp\/v2\/types\/product"}],"replies":[{"embeddable":true,"href":"https:\/\/rebmed.no\/en\/wp-json\/wp\/v2\/comments?post=2354"}],"wp:featuredmedia":[{"embeddable":true,"href":"https:\/\/rebmed.no\/en\/wp-json\/wp\/v2\/media\/2355"}],"wp:attachment":[{"href":"https:\/\/rebmed.no\/en\/wp-json\/wp\/v2\/media?parent=2354"}],"wp:term":[{"taxonomy":"product_brand","embeddable":true,"href":"https:\/\/rebmed.no\/en\/wp-json\/wp\/v2\/product_brand?post=2354"},{"taxonomy":"product_cat","embeddable":true,"href":"https:\/\/rebmed.no\/en\/wp-json\/wp\/v2\/product_cat?post=2354"},{"taxonomy":"product_tag","embeddable":true,"href":"https:\/\/rebmed.no\/en\/wp-json\/wp\/v2\/product_tag?post=2354"}],"curies":[{"name":"wp","href":"https:\/\/api.w.org\/{rel}","templated":true}]}}