{"id":3008,"date":"2022-04-11T22:19:37","date_gmt":"2022-04-11T22:19:37","guid":{"rendered":"https:\/\/rebmed.no\/?post_type=product&#038;p=3008"},"modified":"2025-04-12T23:41:56","modified_gmt":"2025-04-12T23:41:56","slug":"flow-hi-low-sykehusstol","status":"publish","type":"product","link":"https:\/\/rebmed.no\/en\/product\/flow-hi-low-sykehusstol\/","title":{"rendered":"Flow Hi Low hospital chair"},"content":{"rendered":"<p>Tuveramme i epoksybelagt st\u00e5l. H\u00e5ndtak for enkel transport (valgfritt). Nytteoverflate: 100%.\u00a0 Synkronisert bevegelse av ryggst\u00f8tte og benst\u00f8tte, med gassfj\u00e6r. Tiltsystem for ryggst\u00f8tte og ergonomisk design kombinert med setebevegelse holder pasienten suspendert i &laquo;null tyngdekraft&raquo; og unng\u00e5r trykk i korsryggen, bekkenet og bena. Fremre del av ryggst\u00f8tten avrundet for \u00e5 stimulerer blodsirkulasjonen. Setet kan vippes mot ryggst\u00f8tten for \u00e5 unng\u00e5 at pasienten beveger seg fremover. H\u00f8y anatomisk ryggst\u00f8tte, polstret i injisert og kaldst\u00f8pt polyuretanskum med h\u00f8y tetthet, designet for optimal komfort og ergonomisk tilpasning. Trekket i selvslukkende vinylstoff (iht. M2 standard. EN1021.1-2) antibakterielt og motstandsdyktig mot absorpsjon og flekker). Enkel rengj\u00f8ring og vedlikehold. * Bredt utvalg av farger.<\/p>\n<p>&nbsp;<\/p>\n<p>H\u00f8ydejusterbar polstret hodest\u00f8ttepute, avtagbar, for maksimal komfort.<br \/>\nArmlener i polyuretan og justerbare i h\u00f8yden i fem forskjellige posisjoner ved hjelp av en integrert knapp.<br \/>\nHydraulisk h\u00f8ydejustering med bilateral pedal.<br \/>\nErgonomisk h\u00e5ndtak for enkel transport, laget av epoksybelagt st\u00e5lr\u00f8r.<br \/>\nFire dobbelthjul \u00d8 100 mm diameter, tre med brems og ett ratt. De er ABS-dekket og antist\u00f8vbeskyttet<br \/>\nTilgjengelig for heiser fra fremre del og for oversengsbord<\/p>","protected":false},"excerpt":{"rendered":"<p>Hospital chair with many adjustment options.<\/p>","protected":false},"featured_media":3009,"comment_status":"open","ping_status":"closed","template":"","meta":{"site-sidebar-layout":"default","site-content-layout":"default","ast-site-content-layout":"default","site-content-style":"default","site-sidebar-style":"default","ast-global-header-display":"","ast-banner-title-visibility":"","ast-main-header-display":"","ast-hfb-above-header-display":"","ast-hfb-below-header-display":"","ast-hfb-mobile-header-display":"","site-post-title":"","ast-breadcrumbs-content":"","ast-featured-img":"","footer-sml-layout":"","ast-disable-related-posts":"","theme-transparent-header-meta":"default","adv-header-id-meta":"","stick-header-meta":"","header-above-stick-meta":"","header-main-stick-meta":"","header-below-stick-meta":"","astra-migrate-meta-layouts":"default","ast-page-background-enabled":"default","ast-page-background-meta":{"desktop":{"background-color":"","background-image":"","background-repeat":"repeat","background-position":"center center","background-size":"auto","background-attachment":"scroll","background-type":"","background-media":"","overlay-type":"","overlay-color":"","overlay-opacity":"","overlay-gradient":""},"tablet":{"background-color":"","background-image":"","background-repeat":"repeat","background-position":"center center","background-size":"auto","background-attachment":"scroll","background-type":"","background-media":"","overlay-type":"","overlay-color":"","overlay-opacity":"","overlay-gradient":""},"mobile":{"background-color":"","background-image":"","background-repeat":"repeat","background-position":"center center","background-size":"auto","background-attachment":"scroll","background-type":"","background-media":"","overlay-type":"","overlay-color":"","overlay-opacity":"","overlay-gradient":""}},"ast-content-background-meta":{"desktop":{"background-color":"var(--ast-global-color-5)","background-image":"","background-repeat":"repeat","background-position":"center center","background-size":"auto","background-attachment":"scroll","background-type":"","background-media":"","overlay-type":"","overlay-color":"","overlay-opacity":"","overlay-gradient":""},"tablet":{"background-color":"var(--ast-global-color-5)","background-image":"","background-repeat":"repeat","background-position":"center center","background-size":"auto","background-attachment":"scroll","background-type":"","background-media":"","overlay-type":"","overlay-color":"","overlay-opacity":"","overlay-gradient":""},"mobile":{"background-color":"var(--ast-global-color-5)","background-image":"","background-repeat":"repeat","background-position":"center center","background-size":"auto","background-attachment":"scroll","background-type":"","background-media":"","overlay-type":"","overlay-color":"","overlay-opacity":"","overlay-gradient":""}}},"product_brand":[],"product_cat":[25],"product_tag":[34,33,36],"class_list":{"0":"post-3008","1":"product","2":"type-product","3":"status-publish","4":"has-post-thumbnail","6":"product_cat-sykehus","7":"product_tag-stol","8":"product_tag-sykehusstol","9":"product_tag-sykestol","10":"desktop-align-left","11":"tablet-align-left","12":"mobile-align-left","14":"first","15":"instock","16":"taxable","17":"shipping-taxable","18":"purchasable","19":"product-type-simple"},"_links":{"self":[{"href":"https:\/\/rebmed.no\/en\/wp-json\/wp\/v2\/product\/3008","targetHints":{"allow":["GET"]}}],"collection":[{"href":"https:\/\/rebmed.no\/en\/wp-json\/wp\/v2\/product"}],"about":[{"href":"https:\/\/rebmed.no\/en\/wp-json\/wp\/v2\/types\/product"}],"replies":[{"embeddable":true,"href":"https:\/\/rebmed.no\/en\/wp-json\/wp\/v2\/comments?post=3008"}],"wp:featuredmedia":[{"embeddable":true,"href":"https:\/\/rebmed.no\/en\/wp-json\/wp\/v2\/media\/3009"}],"wp:attachment":[{"href":"https:\/\/rebmed.no\/en\/wp-json\/wp\/v2\/media?parent=3008"}],"wp:term":[{"taxonomy":"product_brand","embeddable":true,"href":"https:\/\/rebmed.no\/en\/wp-json\/wp\/v2\/product_brand?post=3008"},{"taxonomy":"product_cat","embeddable":true,"href":"https:\/\/rebmed.no\/en\/wp-json\/wp\/v2\/product_cat?post=3008"},{"taxonomy":"product_tag","embeddable":true,"href":"https:\/\/rebmed.no\/en\/wp-json\/wp\/v2\/product_tag?post=3008"}],"curies":[{"name":"wp","href":"https:\/\/api.w.org\/{rel}","templated":true}]}}