{"id":3029,"date":"2022-04-16T21:06:09","date_gmt":"2022-04-16T21:06:09","guid":{"rendered":"https:\/\/rebmed.no\/?post_type=product&#038;p=3029"},"modified":"2022-05-25T08:50:49","modified_gmt":"2022-05-25T08:50:49","slug":"transcare-plus","status":"publish","type":"product","link":"https:\/\/rebmed.no\/en\/product\/transcare-plus\/","title":{"rendered":"Transcare Plus"},"content":{"rendered":"<p><strong>STRUKTUR<\/strong><br \/>\nEpoksybelagt st\u00e5lr\u00f8rramme. Firedelt plattform laget av fuktsikker og slagfast kompakt HPL-materiale motstandsdyktig mot fuktighet og st\u00f8t. Helt radiolucent plattform. Alle bevegelser av b\u00e5remodellen Transcare-plus er pneumatisk eller hidraulisk.<\/p>\n<p><strong>KOMFORT<\/strong><br \/>\nPneumatisk betjent ryggst\u00f8tte og h\u00f8yde fra 660 mm til 975 mm. Pneumatisk betjent Trendelenburg og revers Trendelenburg (+\/-18\u00ba). Madrass av polyuretanskum med h\u00f8y tetthet, 8 cm h\u00f8y for optimal komfort og ergonomi. Polstret med antibakteriell, slitebestandig, M-1 klasse selvslukkende vinyl. Enkel \u00e5 rengj\u00f8re og vedlikeholde. Tosidige fotpedaler for h\u00f8yde-, trendelemburg- og omvendt trendelemburg-justering.<\/p>\n<p>&nbsp;<\/p>\n<p><strong>H\u00c5NDTERING<\/strong><br \/>\nSentralbremse og servostyring p\u00e5 fotsiden. 200 mm diameter hjul og et 5. hjul for forbedret man\u00f8vrerbarhet og kontroll p\u00e5 sengen; mindre plass kreves for svinger. Plysjh\u00e5ndtak for enklere h\u00e5ndtering.<\/p>\n<p><strong>SIKKERHET<\/strong><br \/>\nSammenleggbare og bortgjembare sideskinner. Sikker justering, unng\u00e5 felling. Nedre posisjon overskrider ikke madrassen, s\u00e5 pasientoverf\u00f8ringen er komfortabel, trygg og jevn. Buffere p\u00e5 hvert hj\u00f8rne. Termoplastisk ABS-panel i bunnen beskytter b\u00e5remekanismen og enkel rengj\u00f8ring.<\/p>","protected":false},"excerpt":{"rendered":"<p>Patient stretcher for smooth, comfortable and safe patient transfer.<\/p>","protected":false},"featured_media":3034,"comment_status":"open","ping_status":"closed","template":"","meta":{"site-sidebar-layout":"default","site-content-layout":"default","ast-site-content-layout":"default","site-content-style":"default","site-sidebar-style":"default","ast-global-header-display":"","ast-banner-title-visibility":"","ast-main-header-display":"","ast-hfb-above-header-display":"","ast-hfb-below-header-display":"","ast-hfb-mobile-header-display":"","site-post-title":"","ast-breadcrumbs-content":"","ast-featured-img":"","footer-sml-layout":"","ast-disable-related-posts":"","theme-transparent-header-meta":"default","adv-header-id-meta":"","stick-header-meta":"","header-above-stick-meta":"","header-main-stick-meta":"","header-below-stick-meta":"","astra-migrate-meta-layouts":"default","ast-page-background-enabled":"default","ast-page-background-meta":{"desktop":{"background-color":"","background-image":"","background-repeat":"repeat","background-position":"center center","background-size":"auto","background-attachment":"scroll","background-type":"","background-media":"","overlay-type":"","overlay-color":"","overlay-opacity":"","overlay-gradient":""},"tablet":{"background-color":"","background-image":"","background-repeat":"repeat","background-position":"center center","background-size":"auto","background-attachment":"scroll","background-type":"","background-media":"","overlay-type":"","overlay-color":"","overlay-opacity":"","overlay-gradient":""},"mobile":{"background-color":"","background-image":"","background-repeat":"repeat","background-position":"center center","background-size":"auto","background-attachment":"scroll","background-type":"","background-media":"","overlay-type":"","overlay-color":"","overlay-opacity":"","overlay-gradient":""}},"ast-content-background-meta":{"desktop":{"background-color":"var(--ast-global-color-5)","background-image":"","background-repeat":"repeat","background-position":"center center","background-size":"auto","background-attachment":"scroll","background-type":"","background-media":"","overlay-type":"","overlay-color":"","overlay-opacity":"","overlay-gradient":""},"tablet":{"background-color":"var(--ast-global-color-5)","background-image":"","background-repeat":"repeat","background-position":"center center","background-size":"auto","background-attachment":"scroll","background-type":"","background-media":"","overlay-type":"","overlay-color":"","overlay-opacity":"","overlay-gradient":""},"mobile":{"background-color":"var(--ast-global-color-5)","background-image":"","background-repeat":"repeat","background-position":"center center","background-size":"auto","background-attachment":"scroll","background-type":"","background-media":"","overlay-type":"","overlay-color":"","overlay-opacity":"","overlay-gradient":""}}},"product_brand":[],"product_cat":[25],"product_tag":[38,28],"class_list":{"0":"post-3029","1":"product","2":"type-product","3":"status-publish","4":"has-post-thumbnail","6":"product_cat-sykehus","7":"product_tag-pasientbare","8":"product_tag-pasientoverforing","9":"desktop-align-left","10":"tablet-align-left","11":"mobile-align-left","13":"first","14":"instock","15":"taxable","16":"shipping-taxable","17":"purchasable","18":"product-type-simple"},"_links":{"self":[{"href":"https:\/\/rebmed.no\/en\/wp-json\/wp\/v2\/product\/3029","targetHints":{"allow":["GET"]}}],"collection":[{"href":"https:\/\/rebmed.no\/en\/wp-json\/wp\/v2\/product"}],"about":[{"href":"https:\/\/rebmed.no\/en\/wp-json\/wp\/v2\/types\/product"}],"replies":[{"embeddable":true,"href":"https:\/\/rebmed.no\/en\/wp-json\/wp\/v2\/comments?post=3029"}],"wp:featuredmedia":[{"embeddable":true,"href":"https:\/\/rebmed.no\/en\/wp-json\/wp\/v2\/media\/3034"}],"wp:attachment":[{"href":"https:\/\/rebmed.no\/en\/wp-json\/wp\/v2\/media?parent=3029"}],"wp:term":[{"taxonomy":"product_brand","embeddable":true,"href":"https:\/\/rebmed.no\/en\/wp-json\/wp\/v2\/product_brand?post=3029"},{"taxonomy":"product_cat","embeddable":true,"href":"https:\/\/rebmed.no\/en\/wp-json\/wp\/v2\/product_cat?post=3029"},{"taxonomy":"product_tag","embeddable":true,"href":"https:\/\/rebmed.no\/en\/wp-json\/wp\/v2\/product_tag?post=3029"}],"curies":[{"name":"wp","href":"https:\/\/api.w.org\/{rel}","templated":true}]}}