{"id":3036,"date":"2022-04-16T22:00:56","date_gmt":"2022-04-16T22:00:56","guid":{"rendered":"https:\/\/rebmed.no\/?post_type=product&#038;p=3036"},"modified":"2022-05-25T08:53:40","modified_gmt":"2022-05-25T08:53:40","slug":"omega-basic-undersokelsebenk","status":"publish","type":"product","link":"https:\/\/rebmed.no\/en\/product\/omega-basic-undersokelsebenk\/","title":{"rendered":"Omega Basic examination bench"},"content":{"rendered":"<p><strong>STRUKTUR<\/strong><br \/>\nMeget sterk og stabil struktur. Puter: 40 mm tykk polstring av polyuretanskum med h\u00f8y tetthet dekket med selvslukkende (kompatibel med M2 eller BS582 standard), antibakteriell, v\u00e6skeavvisende vinylpolstring, tilgjengelig i en rekke farger.<\/p>\n<p><strong>KOMFORT<\/strong><br \/>\nPneumatisk justerbare seksjoner, med sklisikre ergonomiske h\u00e5ndtak. Gassfj\u00e6rene virker ved \u00e5 skyve putene oppover og blokkerer automatisk n\u00e5r spaken slippes. Denne helsesokkelen tilbyr h\u00f8y dynamisk stabilitet.<\/p>\n<p><strong>FUNKSJONALITET<\/strong><br \/>\nMaksimalt liggeareal for pasient og behandler. Funksjonalitet design og komfort g\u00e5r ned til de siste terapeutiske detaljene. N\u00f8ye forberedt for dine daglige aktiviteter. Merverdi for operasjonen din. Ergonomisk pustehull med polstret pute. Nakkest\u00f8ttevinkel opp til 75\u00ba.<\/p>\n<p><strong>MOBILITET<\/strong><br \/>\nSokkel utstyrt med uttrekkbare gummihjul. Sentralisert l\u00f8ftesystem. H\u00f8ydejustering kontrollert av elektrisk motor (med h\u00e5ndsett eller fotenhet)<\/p>","protected":false},"excerpt":{"rendered":"<p>Strong and stable examination bench with adjustable sections.<\/p>","protected":false},"featured_media":3037,"comment_status":"open","ping_status":"closed","template":"","meta":{"site-sidebar-layout":"default","site-content-layout":"default","ast-site-content-layout":"default","site-content-style":"default","site-sidebar-style":"default","ast-global-header-display":"","ast-banner-title-visibility":"","ast-main-header-display":"","ast-hfb-above-header-display":"","ast-hfb-below-header-display":"","ast-hfb-mobile-header-display":"","site-post-title":"","ast-breadcrumbs-content":"","ast-featured-img":"","footer-sml-layout":"","ast-disable-related-posts":"","theme-transparent-header-meta":"default","adv-header-id-meta":"","stick-header-meta":"","header-above-stick-meta":"","header-main-stick-meta":"","header-below-stick-meta":"","astra-migrate-meta-layouts":"default","ast-page-background-enabled":"default","ast-page-background-meta":{"desktop":{"background-color":"","background-image":"","background-repeat":"repeat","background-position":"center center","background-size":"auto","background-attachment":"scroll","background-type":"","background-media":"","overlay-type":"","overlay-color":"","overlay-opacity":"","overlay-gradient":""},"tablet":{"background-color":"","background-image":"","background-repeat":"repeat","background-position":"center center","background-size":"auto","background-attachment":"scroll","background-type":"","background-media":"","overlay-type":"","overlay-color":"","overlay-opacity":"","overlay-gradient":""},"mobile":{"background-color":"","background-image":"","background-repeat":"repeat","background-position":"center center","background-size":"auto","background-attachment":"scroll","background-type":"","background-media":"","overlay-type":"","overlay-color":"","overlay-opacity":"","overlay-gradient":""}},"ast-content-background-meta":{"desktop":{"background-color":"var(--ast-global-color-5)","background-image":"","background-repeat":"repeat","background-position":"center center","background-size":"auto","background-attachment":"scroll","background-type":"","background-media":"","overlay-type":"","overlay-color":"","overlay-opacity":"","overlay-gradient":""},"tablet":{"background-color":"var(--ast-global-color-5)","background-image":"","background-repeat":"repeat","background-position":"center center","background-size":"auto","background-attachment":"scroll","background-type":"","background-media":"","overlay-type":"","overlay-color":"","overlay-opacity":"","overlay-gradient":""},"mobile":{"background-color":"var(--ast-global-color-5)","background-image":"","background-repeat":"repeat","background-position":"center center","background-size":"auto","background-attachment":"scroll","background-type":"","background-media":"","overlay-type":"","overlay-color":"","overlay-opacity":"","overlay-gradient":""}}},"product_brand":[],"product_cat":[25],"product_tag":[40,41,39],"class_list":{"0":"post-3036","1":"product","2":"type-product","3":"status-publish","4":"has-post-thumbnail","6":"product_cat-sykehus","7":"product_tag-benker","8":"product_tag-sykehusbenk","9":"product_tag-undersokelsebenk","10":"desktop-align-left","11":"tablet-align-left","12":"mobile-align-left","14":"first","15":"instock","16":"taxable","17":"shipping-taxable","18":"purchasable","19":"product-type-simple"},"_links":{"self":[{"href":"https:\/\/rebmed.no\/en\/wp-json\/wp\/v2\/product\/3036","targetHints":{"allow":["GET"]}}],"collection":[{"href":"https:\/\/rebmed.no\/en\/wp-json\/wp\/v2\/product"}],"about":[{"href":"https:\/\/rebmed.no\/en\/wp-json\/wp\/v2\/types\/product"}],"replies":[{"embeddable":true,"href":"https:\/\/rebmed.no\/en\/wp-json\/wp\/v2\/comments?post=3036"}],"wp:featuredmedia":[{"embeddable":true,"href":"https:\/\/rebmed.no\/en\/wp-json\/wp\/v2\/media\/3037"}],"wp:attachment":[{"href":"https:\/\/rebmed.no\/en\/wp-json\/wp\/v2\/media?parent=3036"}],"wp:term":[{"taxonomy":"product_brand","embeddable":true,"href":"https:\/\/rebmed.no\/en\/wp-json\/wp\/v2\/product_brand?post=3036"},{"taxonomy":"product_cat","embeddable":true,"href":"https:\/\/rebmed.no\/en\/wp-json\/wp\/v2\/product_cat?post=3036"},{"taxonomy":"product_tag","embeddable":true,"href":"https:\/\/rebmed.no\/en\/wp-json\/wp\/v2\/product_tag?post=3036"}],"curies":[{"name":"wp","href":"https:\/\/api.w.org\/{rel}","templated":true}]}}